{"id":2006,"date":"2022-01-25T14:12:45","date_gmt":"2022-01-25T11:12:45","guid":{"rendered":"http:\/\/mtn.com.tr\/de\/sss\/"},"modified":"2022-04-07T10:57:04","modified_gmt":"2022-04-07T07:57:04","slug":"faq","status":"publish","type":"page","link":"https:\/\/mtn.com.tr\/de\/faq\/","title":{"rendered":"FAQ"},"content":{"rendered":"\t\t<div data-elementor-type=\"wp-page\" data-elementor-id=\"2006\" class=\"elementor elementor-2006\" data-elementor-settings=\"[]\">\n\t\t\t\t\t\t\t<div class=\"elementor-section-wrap\">\n\t\t\t\t\t\t\t<section class=\"elementor-section elementor-top-section elementor-element elementor-element-5653604a elementor-section-boxed elementor-section-height-default elementor-section-height-default\" data-id=\"5653604a\" data-element_type=\"section\" data-settings=\"{&quot;background_background&quot;:&quot;classic&quot;}\">\n\t\t\t\t\t\t\t<div class=\"elementor-background-overlay\"><\/div>\n\t\t\t\t\t\t\t<div class=\"elementor-container elementor-column-gap-default\">\n\t\t\t\t\t<div class=\"elementor-column elementor-col-50 elementor-top-column elementor-element elementor-element-54cad9f9\" data-id=\"54cad9f9\" data-element_type=\"column\">\n\t\t\t<div class=\"elementor-widget-wrap elementor-element-populated\">\n\t\t\t\t\t\t\t\t<div class=\"elementor-element elementor-element-58c0dca3 elementor-widget elementor-widget-heading\" data-id=\"58c0dca3\" data-element_type=\"widget\" data-widget_type=\"heading.default\">\n\t\t\t\t<div class=\"elementor-widget-container\">\n\t\t\t<style>\/*! elementor - v3.5.3 - 28-12-2021 *\/\n.elementor-heading-title{padding:0;margin:0;line-height:1}.elementor-widget-heading .elementor-heading-title[class*=elementor-size-]>a{color:inherit;font-size:inherit;line-height:inherit}.elementor-widget-heading .elementor-heading-title.elementor-size-small{font-size:15px}.elementor-widget-heading .elementor-heading-title.elementor-size-medium{font-size:19px}.elementor-widget-heading .elementor-heading-title.elementor-size-large{font-size:29px}.elementor-widget-heading .elementor-heading-title.elementor-size-xl{font-size:39px}.elementor-widget-heading .elementor-heading-title.elementor-size-xxl{font-size:59px}<\/style><h1 class=\"elementor-heading-title elementor-size-large\">H\u00e4ufig gestellte Fragen<\/h1>\t\t<\/div>\n\t\t\t\t<\/div>\n\t\t\t\t\t<\/div>\n\t\t<\/div>\n\t\t\t\t<div class=\"elementor-column elementor-col-50 elementor-top-column elementor-element elementor-element-345ed9ff\" data-id=\"345ed9ff\" data-element_type=\"column\">\n\t\t\t<div class=\"elementor-widget-wrap\">\n\t\t\t\t\t\t\t\t\t<\/div>\n\t\t<\/div>\n\t\t\t\t\t\t\t<\/div>\n\t\t<\/section>\n\t\t\t\t<section class=\"elementor-section elementor-top-section elementor-element elementor-element-5989d01 elementor-section-boxed elementor-section-height-default elementor-section-height-default\" data-id=\"5989d01\" data-element_type=\"section\">\n\t\t\t\t\t\t<div class=\"elementor-container elementor-column-gap-default\">\n\t\t\t\t\t<div class=\"elementor-column elementor-col-100 elementor-top-column elementor-element elementor-element-afc4172\" data-id=\"afc4172\" data-element_type=\"column\">\n\t\t\t<div class=\"elementor-widget-wrap elementor-element-populated\">\n\t\t\t\t\t\t\t\t<div class=\"elementor-element elementor-element-6ed7d57 elementor-widget elementor-widget-text-editor\" data-id=\"6ed7d57\" data-element_type=\"widget\" data-widget_type=\"text-editor.default\">\n\t\t\t\t<div class=\"elementor-widget-container\">\n\t\t\t<style>\/*! elementor - v3.5.3 - 28-12-2021 *\/\n.elementor-widget-text-editor.elementor-drop-cap-view-stacked .elementor-drop-cap{background-color:#818a91;color:#fff}.elementor-widget-text-editor.elementor-drop-cap-view-framed .elementor-drop-cap{color:#818a91;border:3px solid;background-color:transparent}.elementor-widget-text-editor:not(.elementor-drop-cap-view-default) .elementor-drop-cap{margin-top:8px}.elementor-widget-text-editor:not(.elementor-drop-cap-view-default) .elementor-drop-cap-letter{width:1em;height:1em}.elementor-widget-text-editor .elementor-drop-cap{float:left;text-align:center;line-height:1;font-size:50px}.elementor-widget-text-editor .elementor-drop-cap-letter{display:inline-block}<\/style>\t\t\t\t<p style=\"text-align: center;\">Es verwendet Data Server in MTN. Die Workstation wird je nach Gesch\u00e4ftsbedarf f\u00fcr die Anwendungsanforderung verwendet. Es gibt eine autorisierte Person, die f\u00fcr alle Datenschutz- und Dateikopien verantwortlich ist.<\/p>\t\t\t\t\t\t<\/div>\n\t\t\t\t<\/div>\n\t\t\t\t\t<\/div>\n\t\t<\/div>\n\t\t\t\t\t\t\t<\/div>\n\t\t<\/section>\n\t\t\t\t<section class=\"elementor-section elementor-top-section elementor-element elementor-element-fb1caab elementor-section-boxed elementor-section-height-default elementor-section-height-default\" data-id=\"fb1caab\" data-element_type=\"section\">\n\t\t\t\t\t\t<div class=\"elementor-container elementor-column-gap-default\">\n\t\t\t\t\t<div class=\"elementor-column elementor-col-50 elementor-top-column elementor-element elementor-element-2202416\" data-id=\"2202416\" data-element_type=\"column\">\n\t\t\t<div class=\"elementor-widget-wrap elementor-element-populated\">\n\t\t\t\t\t\t\t\t<div class=\"elementor-element elementor-element-241c631 elementor-widget elementor-widget-toggle\" data-id=\"241c631\" data-element_type=\"widget\" data-widget_type=\"toggle.default\">\n\t\t\t\t<div class=\"elementor-widget-container\">\n\t\t\t<style>\/*! elementor - v3.5.3 - 28-12-2021 *\/\n.elementor-toggle{text-align:left}.elementor-toggle .elementor-tab-title{font-weight:700;line-height:1;margin:0;padding:15px;border-bottom:1px solid #d4d4d4;cursor:pointer;outline:none}.elementor-toggle .elementor-tab-title .elementor-toggle-icon{display:inline-block;width:1em}.elementor-toggle .elementor-tab-title .elementor-toggle-icon svg{-webkit-margin-start:-5px;margin-inline-start:-5px;width:1em;height:1em}.elementor-toggle .elementor-tab-title .elementor-toggle-icon.elementor-toggle-icon-right{float:right;text-align:right}.elementor-toggle .elementor-tab-title .elementor-toggle-icon.elementor-toggle-icon-left{float:left;text-align:left}.elementor-toggle .elementor-tab-title .elementor-toggle-icon .elementor-toggle-icon-closed{display:block}.elementor-toggle .elementor-tab-title .elementor-toggle-icon .elementor-toggle-icon-opened{display:none}.elementor-toggle .elementor-tab-title.elementor-active{border-bottom:none}.elementor-toggle .elementor-tab-title.elementor-active .elementor-toggle-icon-closed{display:none}.elementor-toggle .elementor-tab-title.elementor-active .elementor-toggle-icon-opened{display:block}.elementor-toggle .elementor-tab-content{padding:15px;border-bottom:1px solid #d4d4d4;display:none}@media (max-width:767px){.elementor-toggle .elementor-tab-title{padding:12px}.elementor-toggle .elementor-tab-content{padding:12px 10px}}<\/style>\t\t<div class=\"elementor-toggle\" role=\"tablist\">\n\t\t\t\t\t\t\t<div class=\"elementor-toggle-item\">\n\t\t\t\t\t<div id=\"elementor-tab-title-3781\" class=\"elementor-tab-title\" data-tab=\"1\" role=\"tab\" aria-controls=\"elementor-tab-content-3781\" aria-expanded=\"false\">\n\t\t\t\t\t\t\t\t\t\t\t\t<span class=\"elementor-toggle-icon elementor-toggle-icon-right\" aria-hidden=\"true\">\n\t\t\t\t\t\t\t\t\t\t\t\t\t\t\t<span class=\"elementor-toggle-icon-closed\"><i class=\"fas fa-chevron-down\"><\/i><\/span>\n\t\t\t\t\t\t\t\t<span class=\"elementor-toggle-icon-opened\"><i class=\"elementor-toggle-icon-opened fas fa-chevron-up\"><\/i><\/span>\n\t\t\t\t\t\t\t\t\t\t\t\t\t<\/span>\n\t\t\t\t\t\t\t\t\t\t\t\t<a href=\"\" class=\"elementor-toggle-title\">Wie viel Kapazit\u00e4t hat MTN zu einem bestimmten Zeitpunkt?<\/a>\n\t\t\t\t\t<\/div>\n\n\t\t\t\t\t<div id=\"elementor-tab-content-3781\" class=\"elementor-tab-content elementor-clearfix\" data-tab=\"1\" role=\"tabpanel\" aria-labelledby=\"elementor-tab-title-3781\"><p>MTN ist in der Lage, Werkzeuge f\u00fcr Gruppenprojekte herzustellen. Wir arbeiten mit Unternehmen zusammen, die eine Multi-Produkt-Rolle f\u00fcr bis zu 50-60 Fahrzeuge spielen, und wir unterst\u00fctzen sie sehr einfach f\u00fcr Automobile und Haushaltsger\u00e4te. Wir k\u00f6nnen durchschnittlich 110-120 Sets pro Jahr produzieren.<\/p><p>MTN hat eine strategische Lage in einem Industriegebiet ganz in der N\u00e4he des Flughafens Atat\u00fcrk, ISTANBUL. MTN wird vom Lieferanten f\u00fcr einen unterbrechungsfreien Betrieb in drei Schichten gut unterst\u00fctzt.<\/p><\/div>\n\t\t\t\t<\/div>\n\t\t\t\t\t\t\t<div class=\"elementor-toggle-item\">\n\t\t\t\t\t<div id=\"elementor-tab-title-3782\" class=\"elementor-tab-title\" data-tab=\"2\" role=\"tab\" aria-controls=\"elementor-tab-content-3782\" aria-expanded=\"false\">\n\t\t\t\t\t\t\t\t\t\t\t\t<span class=\"elementor-toggle-icon elementor-toggle-icon-right\" aria-hidden=\"true\">\n\t\t\t\t\t\t\t\t\t\t\t\t\t\t\t<span class=\"elementor-toggle-icon-closed\"><i class=\"fas fa-chevron-down\"><\/i><\/span>\n\t\t\t\t\t\t\t\t<span class=\"elementor-toggle-icon-opened\"><i class=\"elementor-toggle-icon-opened fas fa-chevron-up\"><\/i><\/span>\n\t\t\t\t\t\t\t\t\t\t\t\t\t<\/span>\n\t\t\t\t\t\t\t\t\t\t\t\t<a href=\"\" class=\"elementor-toggle-title\">Was ist die maximale Werkzeuggr\u00f6\u00dfe, die von MTN Plastik produziert wird?<\/a>\n\t\t\t\t\t<\/div>\n\n\t\t\t\t\t<div id=\"elementor-tab-content-3782\" class=\"elementor-tab-content elementor-clearfix\" data-tab=\"2\" role=\"tabpanel\" aria-labelledby=\"elementor-tab-title-3782\"><p>Das gr\u00f6\u00dfte von MTN hergestellte Werkzeug ist 2200 mm lang und 1300 mm breit. Wir k\u00f6nnen jedoch bis zu 20 Tonnen gehen.<\/p><\/div>\n\t\t\t\t<\/div>\n\t\t\t\t\t\t\t<div class=\"elementor-toggle-item\">\n\t\t\t\t\t<div id=\"elementor-tab-title-3783\" class=\"elementor-tab-title\" data-tab=\"3\" role=\"tab\" aria-controls=\"elementor-tab-content-3783\" aria-expanded=\"false\">\n\t\t\t\t\t\t\t\t\t\t\t\t<span class=\"elementor-toggle-icon elementor-toggle-icon-right\" aria-hidden=\"true\">\n\t\t\t\t\t\t\t\t\t\t\t\t\t\t\t<span class=\"elementor-toggle-icon-closed\"><i class=\"fas fa-chevron-down\"><\/i><\/span>\n\t\t\t\t\t\t\t\t<span class=\"elementor-toggle-icon-opened\"><i class=\"elementor-toggle-icon-opened fas fa-chevron-up\"><\/i><\/span>\n\t\t\t\t\t\t\t\t\t\t\t\t\t<\/span>\n\t\t\t\t\t\t\t\t\t\t\t\t<a href=\"\" class=\"elementor-toggle-title\">Enth\u00e4lt MTN einen Auditbericht und eine Talentstudie als vollst\u00e4ndige Projektl\u00f6sung?<\/a>\n\t\t\t\t\t<\/div>\n\n\t\t\t\t\t<div id=\"elementor-tab-content-3783\" class=\"elementor-tab-content elementor-clearfix\" data-tab=\"3\" role=\"tabpanel\" aria-labelledby=\"elementor-tab-title-3783\"><p>MTN bietet das komplette Paket; Dazu geh\u00f6rt standardm\u00e4\u00dfig ein erster Produktinspektionsbericht durch qualifizierte Ingenieure f\u00fcr moderne KMGs und andere fortschrittliche Ger\u00e4te. Talentstudien werden auf Kundenwunsch durchgef\u00fchrt.<\/p><\/div>\n\t\t\t\t<\/div>\n\t\t\t\t\t\t\t<div class=\"elementor-toggle-item\">\n\t\t\t\t\t<div id=\"elementor-tab-title-3784\" class=\"elementor-tab-title\" data-tab=\"4\" role=\"tab\" aria-controls=\"elementor-tab-content-3784\" aria-expanded=\"false\">\n\t\t\t\t\t\t\t\t\t\t\t\t<span class=\"elementor-toggle-icon elementor-toggle-icon-right\" aria-hidden=\"true\">\n\t\t\t\t\t\t\t\t\t\t\t\t\t\t\t<span class=\"elementor-toggle-icon-closed\"><i class=\"fas fa-chevron-down\"><\/i><\/span>\n\t\t\t\t\t\t\t\t<span class=\"elementor-toggle-icon-opened\"><i class=\"elementor-toggle-icon-opened fas fa-chevron-up\"><\/i><\/span>\n\t\t\t\t\t\t\t\t\t\t\t\t\t<\/span>\n\t\t\t\t\t\t\t\t\t\t\t\t<a href=\"\" class=\"elementor-toggle-title\">Ist Ihr Hauptlieferant f\u00fcr MTN Mold vor Ort?<\/a>\n\t\t\t\t\t<\/div>\n\n\t\t\t\t\t<div id=\"elementor-tab-content-3784\" class=\"elementor-tab-content elementor-clearfix\" data-tab=\"4\" role=\"tabpanel\" aria-labelledby=\"elementor-tab-title-3784\"><p>Alle Stahl-, Formbasis-, Hei\u00dfkanal- und Texturservices sind mit einem lokalen Vertreter f\u00fcr MTN Mold erh\u00e4ltlich.<\/p><\/div>\n\t\t\t\t<\/div>\n\t\t\t\t\t\t\t<div class=\"elementor-toggle-item\">\n\t\t\t\t\t<div id=\"elementor-tab-title-3785\" class=\"elementor-tab-title\" data-tab=\"5\" role=\"tab\" aria-controls=\"elementor-tab-content-3785\" aria-expanded=\"false\">\n\t\t\t\t\t\t\t\t\t\t\t\t<span class=\"elementor-toggle-icon elementor-toggle-icon-right\" aria-hidden=\"true\">\n\t\t\t\t\t\t\t\t\t\t\t\t\t\t\t<span class=\"elementor-toggle-icon-closed\"><i class=\"fas fa-chevron-down\"><\/i><\/span>\n\t\t\t\t\t\t\t\t<span class=\"elementor-toggle-icon-opened\"><i class=\"elementor-toggle-icon-opened fas fa-chevron-up\"><\/i><\/span>\n\t\t\t\t\t\t\t\t\t\t\t\t\t<\/span>\n\t\t\t\t\t\t\t\t\t\t\t\t<a href=\"\" class=\"elementor-toggle-title\">Kann MTN Musterfluss- und Warp-Berichte bereitstellen?<\/a>\n\t\t\t\t\t<\/div>\n\n\t\t\t\t\t<div id=\"elementor-tab-content-3785\" class=\"elementor-tab-content elementor-clearfix\" data-tab=\"5\" role=\"tabpanel\" aria-labelledby=\"elementor-tab-title-3785\"><p>Im Jahr 2005 investierte MTN in einen fortschrittlichen CADMOLD \/warp\/cool-Werkzeugfluss, jetzt stellen wir unseren Kunden aktiv vollst\u00e4ndige Berichte zur Verf\u00fcgung. Es verschafft uns einen Vorteil bei der Konstruktion von Werkzeugen und der Optimierung von Kosten, Prozessen und Produktdesign.<\/p><p>MTN nutzt Software zur Preiskalkulation und -planung. Mit anderen Worten, MTN ist eine zuverl\u00e4ssige und stabile Preispolitik und -planung.<\/p><\/div>\n\t\t\t\t<\/div>\n\t\t\t\t\t\t\t\t\t\t<script type=\"application\/ld+json\">{\"@context\":\"https:\\\/\\\/schema.org\",\"@type\":\"FAQPage\",\"mainEntity\":[{\"@type\":\"Question\",\"name\":\"Wie viel Kapazit\\u00e4t hat MTN zu einem bestimmten Zeitpunkt?\",\"acceptedAnswer\":{\"@type\":\"Answer\",\"text\":\"<p>MTN ist in der Lage, Werkzeuge f\\u00fcr Gruppenprojekte herzustellen. Wir arbeiten mit Unternehmen zusammen, die eine Multi-Produkt-Rolle f\\u00fcr bis zu 50-60 Fahrzeuge spielen, und wir unterst\\u00fctzen sie sehr einfach f\\u00fcr Automobile und Haushaltsger\\u00e4te. Wir k\\u00f6nnen durchschnittlich 110-120 Sets pro Jahr produzieren.<\\\/p><p>MTN hat eine strategische Lage in einem Industriegebiet ganz in der N\\u00e4he des Flughafens Atat\\u00fcrk, ISTANBUL. MTN wird vom Lieferanten f\\u00fcr einen unterbrechungsfreien Betrieb in drei Schichten gut unterst\\u00fctzt.<\\\/p>\"}},{\"@type\":\"Question\",\"name\":\"Was ist die maximale Werkzeuggr\\u00f6\\u00dfe, die von MTN Plastik produziert wird?\",\"acceptedAnswer\":{\"@type\":\"Answer\",\"text\":\"<p>Das gr\\u00f6\\u00dfte von MTN hergestellte Werkzeug ist 2200 mm lang und 1300 mm breit. Wir k\\u00f6nnen jedoch bis zu 20 Tonnen gehen.<\\\/p>\"}},{\"@type\":\"Question\",\"name\":\"Enth\\u00e4lt MTN einen Auditbericht und eine Talentstudie als vollst\\u00e4ndige Projektl\\u00f6sung?\",\"acceptedAnswer\":{\"@type\":\"Answer\",\"text\":\"<p>MTN bietet das komplette Paket; Dazu geh\\u00f6rt standardm\\u00e4\\u00dfig ein erster Produktinspektionsbericht durch qualifizierte Ingenieure f\\u00fcr moderne KMGs und andere fortschrittliche Ger\\u00e4te. Talentstudien werden auf Kundenwunsch durchgef\\u00fchrt.<\\\/p>\"}},{\"@type\":\"Question\",\"name\":\"Ist Ihr Hauptlieferant f\\u00fcr MTN Mold vor Ort?\",\"acceptedAnswer\":{\"@type\":\"Answer\",\"text\":\"<p>Alle Stahl-, Formbasis-, Hei\\u00dfkanal- und Texturservices sind mit einem lokalen Vertreter f\\u00fcr MTN Mold erh\\u00e4ltlich.<\\\/p>\"}},{\"@type\":\"Question\",\"name\":\"Kann MTN Musterfluss- und Warp-Berichte bereitstellen?\",\"acceptedAnswer\":{\"@type\":\"Answer\",\"text\":\"<p>Im Jahr 2005 investierte MTN in einen fortschrittlichen CADMOLD \\\/warp\\\/cool-Werkzeugfluss, jetzt stellen wir unseren Kunden aktiv vollst\\u00e4ndige Berichte zur Verf\\u00fcgung. Es verschafft uns einen Vorteil bei der Konstruktion von Werkzeugen und der Optimierung von Kosten, Prozessen und Produktdesign.<\\\/p><p>MTN nutzt Software zur Preiskalkulation und -planung. Mit anderen Worten, MTN ist eine zuverl\\u00e4ssige und stabile Preispolitik und -planung.<\\\/p>\"}}]}<\/script>\n\t\t\t\t\t<\/div>\n\t\t\t\t<\/div>\n\t\t\t\t<\/div>\n\t\t\t\t\t<\/div>\n\t\t<\/div>\n\t\t\t\t<div class=\"elementor-column elementor-col-50 elementor-top-column elementor-element elementor-element-ff53504\" data-id=\"ff53504\" data-element_type=\"column\">\n\t\t\t<div class=\"elementor-widget-wrap elementor-element-populated\">\n\t\t\t\t\t\t\t\t<div class=\"elementor-element elementor-element-ee49a88 elementor-widget elementor-widget-toggle\" data-id=\"ee49a88\" data-element_type=\"widget\" data-widget_type=\"toggle.default\">\n\t\t\t\t<div class=\"elementor-widget-container\">\n\t\t\t\t\t<div class=\"elementor-toggle\" role=\"tablist\">\n\t\t\t\t\t\t\t<div class=\"elementor-toggle-item\">\n\t\t\t\t\t<div id=\"elementor-tab-title-2491\" class=\"elementor-tab-title\" data-tab=\"1\" role=\"tab\" aria-controls=\"elementor-tab-content-2491\" aria-expanded=\"false\">\n\t\t\t\t\t\t\t\t\t\t\t\t<span class=\"elementor-toggle-icon elementor-toggle-icon-right\" aria-hidden=\"true\">\n\t\t\t\t\t\t\t\t\t\t\t\t\t\t\t<span class=\"elementor-toggle-icon-closed\"><i class=\"fas fa-chevron-down\"><\/i><\/span>\n\t\t\t\t\t\t\t\t<span class=\"elementor-toggle-icon-opened\"><i class=\"elementor-toggle-icon-opened fas fa-chevron-up\"><\/i><\/span>\n\t\t\t\t\t\t\t\t\t\t\t\t\t<\/span>\n\t\t\t\t\t\t\t\t\t\t\t\t<a href=\"\" class=\"elementor-toggle-title\">Wird meinem Projekt ein Projektleiter zugeteilt?<\/a>\n\t\t\t\t\t<\/div>\n\n\t\t\t\t\t<div id=\"elementor-tab-content-2491\" class=\"elementor-tab-content elementor-clearfix\" data-tab=\"1\" role=\"tabpanel\" aria-labelledby=\"elementor-tab-title-2491\"><p>Dies ist zweifellos der Eckpfeiler unseres Gesch\u00e4fts, und verdienterma\u00dfen bekommt jedes Projekt, von einem Tool bis zu einem Multi-Tool-Projekt, einen designierten Projektmanager. Koordiniert interne Ressourcen, um einen erfolgreichen Abschluss sicherzustellen.<\/p><\/div>\n\t\t\t\t<\/div>\n\t\t\t\t\t\t\t<div class=\"elementor-toggle-item\">\n\t\t\t\t\t<div id=\"elementor-tab-title-2492\" class=\"elementor-tab-title\" data-tab=\"2\" role=\"tab\" aria-controls=\"elementor-tab-content-2492\" aria-expanded=\"false\">\n\t\t\t\t\t\t\t\t\t\t\t\t<span class=\"elementor-toggle-icon elementor-toggle-icon-right\" aria-hidden=\"true\">\n\t\t\t\t\t\t\t\t\t\t\t\t\t\t\t<span class=\"elementor-toggle-icon-closed\"><i class=\"fas fa-chevron-down\"><\/i><\/span>\n\t\t\t\t\t\t\t\t<span class=\"elementor-toggle-icon-opened\"><i class=\"elementor-toggle-icon-opened fas fa-chevron-up\"><\/i><\/span>\n\t\t\t\t\t\t\t\t\t\t\t\t\t<\/span>\n\t\t\t\t\t\t\t\t\t\t\t\t<a href=\"\" class=\"elementor-toggle-title\">MTN Engineering-F\u00e4higkeiten?<\/a>\n\t\t\t\t\t<\/div>\n\n\t\t\t\t\t<div id=\"elementor-tab-content-2492\" class=\"elementor-tab-content elementor-clearfix\" data-tab=\"2\" role=\"tabpanel\" aria-labelledby=\"elementor-tab-title-2492\"><ul class=\"list-2\"><li>Designer: 14<\/li><li>2D- und 3D-Formenbau.<\/li><li>Mold-Flow-Analyse<\/li><li>Daten\u00fcbertragungsformat<\/li><li>X_T (Parasolid)<\/li><li>IGS<\/li><li>MEIN NAME<\/li><li>DXF<\/li><li>CATIA<\/li><\/ul><\/div>\n\t\t\t\t<\/div>\n\t\t\t\t\t\t\t<div class=\"elementor-toggle-item\">\n\t\t\t\t\t<div id=\"elementor-tab-title-2493\" class=\"elementor-tab-title\" data-tab=\"3\" role=\"tab\" aria-controls=\"elementor-tab-content-2493\" aria-expanded=\"false\">\n\t\t\t\t\t\t\t\t\t\t\t\t<span class=\"elementor-toggle-icon elementor-toggle-icon-right\" aria-hidden=\"true\">\n\t\t\t\t\t\t\t\t\t\t\t\t\t\t\t<span class=\"elementor-toggle-icon-closed\"><i class=\"fas fa-chevron-down\"><\/i><\/span>\n\t\t\t\t\t\t\t\t<span class=\"elementor-toggle-icon-opened\"><i class=\"elementor-toggle-icon-opened fas fa-chevron-up\"><\/i><\/span>\n\t\t\t\t\t\t\t\t\t\t\t\t\t<\/span>\n\t\t\t\t\t\t\t\t\t\t\t\t<a href=\"\" class=\"elementor-toggle-title\">Unsere St\u00e4rke;<\/a>\n\t\t\t\t\t<\/div>\n\n\t\t\t\t\t<div id=\"elementor-tab-content-2493\" class=\"elementor-tab-content elementor-clearfix\" data-tab=\"3\" role=\"tabpanel\" aria-labelledby=\"elementor-tab-title-2493\"><ul><li>Hochpr\u00e4zisionsform<\/li><li>Hei\u00dfkanalwerkzeug mit mehreren Kavit\u00e4ten<\/li><li>Zwei-Schuss-W\u00fcrfel<\/li><li>\u00dcber Schimmel<\/li><li>Werkzeugdemontage<\/li><li>Niederdruckeinspritzung<\/li><li>Sequenzielle Injektion<\/li><li>4 Ingenieure k\u00f6nnen gemeinsam entwerfen<\/li><li>F\u00fcr Kundenbeschaffung und Entwicklungserfahrung. und hat einige Patente.<\/li><li>W\u00f6chentlich ein Muster-Fortschrittsbericht durch Senden digitaler Fotos per FTP-Verbindung.<\/li><li>Sehr gute Planung mit erfolgreicher ERP-Systemausstattung mit Barcodesystem.<\/li><li>Junge und hochmotivierte Mitarbeiter.<\/li><li>Erfahrung mit lackierten Teilen und Formen von Chromteilen.<\/li><\/ul><\/div>\n\t\t\t\t<\/div>\n\t\t\t\t\t\t\t<div class=\"elementor-toggle-item\">\n\t\t\t\t\t<div id=\"elementor-tab-title-2494\" class=\"elementor-tab-title\" data-tab=\"4\" role=\"tab\" aria-controls=\"elementor-tab-content-2494\" aria-expanded=\"false\">\n\t\t\t\t\t\t\t\t\t\t\t\t<span class=\"elementor-toggle-icon elementor-toggle-icon-right\" aria-hidden=\"true\">\n\t\t\t\t\t\t\t\t\t\t\t\t\t\t\t<span class=\"elementor-toggle-icon-closed\"><i class=\"fas fa-chevron-down\"><\/i><\/span>\n\t\t\t\t\t\t\t\t<span class=\"elementor-toggle-icon-opened\"><i class=\"elementor-toggle-icon-opened fas fa-chevron-up\"><\/i><\/span>\n\t\t\t\t\t\t\t\t\t\t\t\t\t<\/span>\n\t\t\t\t\t\t\t\t\t\t\t\t<a href=\"\" class=\"elementor-toggle-title\">Was ist Projektr\u00fcckverfolgbarkeit und -schutz?<\/a>\n\t\t\t\t\t<\/div>\n\n\t\t\t\t\t<div id=\"elementor-tab-content-2494\" class=\"elementor-tab-content elementor-clearfix\" data-tab=\"4\" role=\"tabpanel\" aria-labelledby=\"elementor-tab-title-2494\"><p>MTN kann nur autorisierte Personen \u00fcber den internen Webserver verwenden<\/p><p>Der Server ist durch eine Firewall gesch\u00fctzt und nur die ausgew\u00e4hlten Personen d\u00fcrfen auf das vom Kunden vorgegebene Projekt zugreifen.<\/p><\/div>\n\t\t\t\t<\/div>\n\t\t\t\t\t\t\t\t\t\t<script type=\"application\/ld+json\">{\"@context\":\"https:\\\/\\\/schema.org\",\"@type\":\"FAQPage\",\"mainEntity\":[{\"@type\":\"Question\",\"name\":\"Wird meinem Projekt ein Projektleiter zugeteilt?\",\"acceptedAnswer\":{\"@type\":\"Answer\",\"text\":\"<p>Dies ist zweifellos der Eckpfeiler unseres Gesch\\u00e4fts, und verdienterma\\u00dfen bekommt jedes Projekt, von einem Tool bis zu einem Multi-Tool-Projekt, einen designierten Projektmanager. Koordiniert interne Ressourcen, um einen erfolgreichen Abschluss sicherzustellen.<\\\/p>\"}},{\"@type\":\"Question\",\"name\":\"MTN Engineering-F\\u00e4higkeiten?\",\"acceptedAnswer\":{\"@type\":\"Answer\",\"text\":\"<ul class=\\\"list-2\\\"><li>Designer: 14<\\\/li><li>2D- und 3D-Formenbau.<\\\/li><li>Mold-Flow-Analyse<\\\/li><li>Daten\\u00fcbertragungsformat<\\\/li><li>X_T (Parasolid)<\\\/li><li>IGS<\\\/li><li>MEIN NAME<\\\/li><li>DXF<\\\/li><li>CATIA<\\\/li><\\\/ul>\"}},{\"@type\":\"Question\",\"name\":\"Unsere St\\u00e4rke;\",\"acceptedAnswer\":{\"@type\":\"Answer\",\"text\":\"<ul><li>Hochpr\\u00e4zisionsform<\\\/li><li>Hei\\u00dfkanalwerkzeug mit mehreren Kavit\\u00e4ten<\\\/li><li>Zwei-Schuss-W\\u00fcrfel<\\\/li><li>\\u00dcber Schimmel<\\\/li><li>Werkzeugdemontage<\\\/li><li>Niederdruckeinspritzung<\\\/li><li>Sequenzielle Injektion<\\\/li><li>4 Ingenieure k\\u00f6nnen gemeinsam entwerfen<\\\/li><li>F\\u00fcr Kundenbeschaffung und Entwicklungserfahrung. und hat einige Patente.<\\\/li><li>W\\u00f6chentlich ein Muster-Fortschrittsbericht durch Senden digitaler Fotos per FTP-Verbindung.<\\\/li><li>Sehr gute Planung mit erfolgreicher ERP-Systemausstattung mit Barcodesystem.<\\\/li><li>Junge und hochmotivierte Mitarbeiter.<\\\/li><li>Erfahrung mit lackierten Teilen und Formen von Chromteilen.<\\\/li><\\\/ul>\"}},{\"@type\":\"Question\",\"name\":\"Was ist Projektr\\u00fcckverfolgbarkeit und -schutz?\",\"acceptedAnswer\":{\"@type\":\"Answer\",\"text\":\"<p>MTN kann nur autorisierte Personen \\u00fcber den internen Webserver verwenden<\\\/p><p>Der Server ist durch eine Firewall gesch\\u00fctzt und nur die ausgew\\u00e4hlten Personen d\\u00fcrfen auf das vom Kunden vorgegebene Projekt zugreifen.<\\\/p>\"}}]}<\/script>\n\t\t\t\t\t<\/div>\n\t\t\t\t<\/div>\n\t\t\t\t<\/div>\n\t\t\t\t\t<\/div>\n\t\t<\/div>\n\t\t\t\t\t\t\t<\/div>\n\t\t<\/section>\n\t\t\t\t\t\t<\/div>\n\t\t\t\t\t<\/div>\n\t\t","protected":false},"excerpt":{"rendered":"<p>H\u00e4ufig gestellte Fragen Es verwendet Data Server in MTN. Die Workstation wird je nach Gesch\u00e4ftsbedarf f\u00fcr die Anwendungsanforderung verwendet. Es gibt eine autorisierte Person, die f\u00fcr alle Datenschutz- und Dateikopien verantwortlich ist. Wie viel Kapazit\u00e4t hat MTN zu einem bestimmten Zeitpunkt? MTN ist in der Lage, Werkzeuge f\u00fcr Gruppenprojekte herzustellen. Wir arbeiten mit Unternehmen zusammen, [&hellip;]<\/p>\n","protected":false},"author":1,"featured_media":0,"parent":0,"menu_order":0,"comment_status":"closed","ping_status":"closed","template":"","meta":{"footnotes":""},"class_list":["post-2006","page","type-page","status-publish","hentry"],"_links":{"self":[{"href":"https:\/\/mtn.com.tr\/de\/wp-json\/wp\/v2\/pages\/2006","targetHints":{"allow":["GET"]}}],"collection":[{"href":"https:\/\/mtn.com.tr\/de\/wp-json\/wp\/v2\/pages"}],"about":[{"href":"https:\/\/mtn.com.tr\/de\/wp-json\/wp\/v2\/types\/page"}],"author":[{"embeddable":true,"href":"https:\/\/mtn.com.tr\/de\/wp-json\/wp\/v2\/users\/1"}],"replies":[{"embeddable":true,"href":"https:\/\/mtn.com.tr\/de\/wp-json\/wp\/v2\/comments?post=2006"}],"version-history":[{"count":19,"href":"https:\/\/mtn.com.tr\/de\/wp-json\/wp\/v2\/pages\/2006\/revisions"}],"predecessor-version":[{"id":2533,"href":"https:\/\/mtn.com.tr\/de\/wp-json\/wp\/v2\/pages\/2006\/revisions\/2533"}],"wp:attachment":[{"href":"https:\/\/mtn.com.tr\/de\/wp-json\/wp\/v2\/media?parent=2006"}],"curies":[{"name":"wp","href":"https:\/\/api.w.org\/{rel}","templated":true}]}}