{"id":2051,"date":"2022-03-09T16:24:57","date_gmt":"2022-03-09T13:24:57","guid":{"rendered":"http:\/\/mtn.com.tr\/de\/planlama\/"},"modified":"2022-03-21T12:00:57","modified_gmt":"2022-03-21T09:00:57","slug":"planung","status":"publish","type":"page","link":"https:\/\/mtn.com.tr\/de\/planung\/","title":{"rendered":"PLANUNG"},"content":{"rendered":"\t\t<div data-elementor-type=\"wp-page\" data-elementor-id=\"2051\" class=\"elementor elementor-2051\" data-elementor-settings=\"[]\">\n\t\t\t\t\t\t\t<div class=\"elementor-section-wrap\">\n\t\t\t\t\t\t\t<section class=\"elementor-section elementor-top-section elementor-element elementor-element-6d33826 elementor-section-boxed elementor-section-height-default elementor-section-height-default\" data-id=\"6d33826\" data-element_type=\"section\" data-settings=\"{&quot;background_background&quot;:&quot;classic&quot;}\">\n\t\t\t\t\t\t\t<div class=\"elementor-background-overlay\"><\/div>\n\t\t\t\t\t\t\t<div class=\"elementor-container elementor-column-gap-default\">\n\t\t\t\t\t<div class=\"elementor-column elementor-col-50 elementor-top-column elementor-element elementor-element-de7a7f2\" data-id=\"de7a7f2\" data-element_type=\"column\">\n\t\t\t<div class=\"elementor-widget-wrap elementor-element-populated\">\n\t\t\t\t\t\t\t\t<div class=\"elementor-element elementor-element-ce7c7cf elementor-widget elementor-widget-heading\" data-id=\"ce7c7cf\" data-element_type=\"widget\" data-widget_type=\"heading.default\">\n\t\t\t\t<div class=\"elementor-widget-container\">\n\t\t\t<style>\/*! elementor - v3.5.3 - 28-12-2021 *\/\n.elementor-heading-title{padding:0;margin:0;line-height:1}.elementor-widget-heading .elementor-heading-title[class*=elementor-size-]>a{color:inherit;font-size:inherit;line-height:inherit}.elementor-widget-heading .elementor-heading-title.elementor-size-small{font-size:15px}.elementor-widget-heading .elementor-heading-title.elementor-size-medium{font-size:19px}.elementor-widget-heading .elementor-heading-title.elementor-size-large{font-size:29px}.elementor-widget-heading .elementor-heading-title.elementor-size-xl{font-size:39px}.elementor-widget-heading .elementor-heading-title.elementor-size-xxl{font-size:59px}<\/style><h1 class=\"elementor-heading-title elementor-size-default\">PLANUNG<\/h1>\t\t<\/div>\n\t\t\t\t<\/div>\n\t\t\t\t\t<\/div>\n\t\t<\/div>\n\t\t\t\t<div class=\"elementor-column elementor-col-50 elementor-top-column elementor-element elementor-element-7efe90d\" data-id=\"7efe90d\" data-element_type=\"column\">\n\t\t\t<div class=\"elementor-widget-wrap\">\n\t\t\t\t\t\t\t\t\t<\/div>\n\t\t<\/div>\n\t\t\t\t\t\t\t<\/div>\n\t\t<\/section>\n\t\t\t\t<section class=\"elementor-section elementor-top-section elementor-element elementor-element-1bf7628 elementor-section-boxed elementor-section-height-default elementor-section-height-default\" data-id=\"1bf7628\" data-element_type=\"section\" data-settings=\"{&quot;background_background&quot;:&quot;classic&quot;}\">\n\t\t\t\t\t\t<div class=\"elementor-container elementor-column-gap-default\">\n\t\t\t\t\t<div class=\"elementor-column elementor-col-50 elementor-top-column elementor-element elementor-element-998e0b4\" data-id=\"998e0b4\" data-element_type=\"column\">\n\t\t\t<div class=\"elementor-widget-wrap elementor-element-populated\">\n\t\t\t\t\t\t\t\t<div class=\"elementor-element elementor-element-519975a elementor-invisible elementor-widget elementor-widget-heading\" data-id=\"519975a\" data-element_type=\"widget\" data-settings=\"{&quot;_animation&quot;:&quot;fadeInUp&quot;,&quot;_animation_delay&quot;:200}\" data-widget_type=\"heading.default\">\n\t\t\t\t<div class=\"elementor-widget-container\">\n\t\t\t<h2 class=\"elementor-heading-title elementor-size-default\">PLANUNG<\/h2>\t\t<\/div>\n\t\t\t\t<\/div>\n\t\t\t\t<div class=\"elementor-element elementor-element-4791591 elementor-widget elementor-widget-text-editor\" data-id=\"4791591\" data-element_type=\"widget\" data-widget_type=\"text-editor.default\">\n\t\t\t\t<div class=\"elementor-widget-container\">\n\t\t\t<style>\/*! elementor - v3.5.3 - 28-12-2021 *\/\n.elementor-widget-text-editor.elementor-drop-cap-view-stacked .elementor-drop-cap{background-color:#818a91;color:#fff}.elementor-widget-text-editor.elementor-drop-cap-view-framed .elementor-drop-cap{color:#818a91;border:3px solid;background-color:transparent}.elementor-widget-text-editor:not(.elementor-drop-cap-view-default) .elementor-drop-cap{margin-top:8px}.elementor-widget-text-editor:not(.elementor-drop-cap-view-default) .elementor-drop-cap-letter{width:1em;height:1em}.elementor-widget-text-editor .elementor-drop-cap{float:left;text-align:center;line-height:1;font-size:50px}.elementor-widget-text-editor .elementor-drop-cap-letter{display:inline-block}<\/style>\t\t\t\t<p>Die Planung beginnt mit der Analyse produktbezogener Daten.<\/p><p>Ein Programm f\u00fcr den Einsatz von Ressourcen wird erstellt und pr\u00e4sentiert, um die festgelegten Ziele zu erreichen. Der Produktionsplan legt die f\u00fcr jede Produktionsstufe festgelegten Ziele anhand von Zeitr\u00e4umen fest. Es unterst\u00fctzt das Hauptziel zur Verwirklichung der festgelegten Ziele.<\/p><p><strong>Die Produktionsplanung erfolgt in zwei Stufen:<\/strong><\/p><p>Erstellung des Produktionsplans und Planung der tats\u00e4chlichen Produktion<\/p><p>Produktionspl\u00e4ne zeigen, welche Produkte in welchen Mengen und in welchen Zeitr\u00e4umen in einem bestimmten Zeitraum in einem bestimmten Unternehmen hergestellt werden. Sie besteht aus der Planung der eigentlichen Produktion, der Planung der Produktionsvorbereitungen und der Planung des Ablaufs.<\/p>\t\t\t\t\t\t<\/div>\n\t\t\t\t<\/div>\n\t\t\t\t\t<\/div>\n\t\t<\/div>\n\t\t\t\t<div class=\"elementor-column elementor-col-50 elementor-top-column elementor-element elementor-element-b8ef395\" data-id=\"b8ef395\" data-element_type=\"column\">\n\t\t\t<div class=\"elementor-widget-wrap elementor-element-populated\">\n\t\t\t\t\t\t\t\t<div class=\"elementor-element elementor-element-72e6511 elementor-widget elementor-widget-image\" data-id=\"72e6511\" data-element_type=\"widget\" data-widget_type=\"image.default\">\n\t\t\t\t<div class=\"elementor-widget-container\">\n\t\t\t<style>\/*! elementor - v3.5.3 - 28-12-2021 *\/\n.elementor-widget-image{text-align:center}.elementor-widget-image a{display:inline-block}.elementor-widget-image a img[src$=\".svg\"]{width:48px}.elementor-widget-image img{vertical-align:middle;display:inline-block}<\/style>\t\t\t\t\t\t\t\t\t\t\t\t\t<a href=\"http:\/\/mtn.com.tr\/wp-content\/uploads\/2022\/03\/PP5.jpg\" data-elementor-open-lightbox=\"yes\" data-elementor-lightbox-title=\"PP5\">\n\t\t\t\t\t\t\t<img loading=\"lazy\" decoding=\"async\" width=\"843\" height=\"227\" src=\"https:\/\/mtn.com.tr\/de\/wp-content\/uploads\/2022\/03\/PP5.jpg\" class=\"attachment-full size-full\" alt=\"\" srcset=\"https:\/\/mtn.com.tr\/de\/wp-content\/uploads\/2022\/03\/PP5.jpg 843w, https:\/\/mtn.com.tr\/de\/wp-content\/uploads\/2022\/03\/PP5-300x81.jpg 300w, https:\/\/mtn.com.tr\/de\/wp-content\/uploads\/2022\/03\/PP5-768x207.jpg 768w\" sizes=\"auto, (max-width: 843px) 100vw, 843px\" \/>\t\t\t\t\t\t\t\t<\/a>\n\t\t\t\t\t\t\t\t\t\t\t\t\t\t\t<\/div>\n\t\t\t\t<\/div>\n\t\t\t\t\t<\/div>\n\t\t<\/div>\n\t\t\t\t\t\t\t<\/div>\n\t\t<\/section>\n\t\t\t\t\t\t<\/div>\n\t\t\t\t\t<\/div>\n\t\t","protected":false},"excerpt":{"rendered":"<p>PLANUNG PLANUNG Die Planung beginnt mit der Analyse produktbezogener Daten. Ein Programm f\u00fcr den Einsatz von Ressourcen wird erstellt und pr\u00e4sentiert, um die festgelegten Ziele zu erreichen. Der Produktionsplan legt die f\u00fcr jede Produktionsstufe festgelegten Ziele anhand von Zeitr\u00e4umen fest. Es unterst\u00fctzt das Hauptziel zur Verwirklichung der festgelegten Ziele. Die Produktionsplanung erfolgt in zwei Stufen: [&hellip;]<\/p>\n","protected":false},"author":1,"featured_media":0,"parent":0,"menu_order":0,"comment_status":"closed","ping_status":"closed","template":"","meta":{"footnotes":""},"class_list":["post-2051","page","type-page","status-publish","hentry"],"_links":{"self":[{"href":"https:\/\/mtn.com.tr\/de\/wp-json\/wp\/v2\/pages\/2051","targetHints":{"allow":["GET"]}}],"collection":[{"href":"https:\/\/mtn.com.tr\/de\/wp-json\/wp\/v2\/pages"}],"about":[{"href":"https:\/\/mtn.com.tr\/de\/wp-json\/wp\/v2\/types\/page"}],"author":[{"embeddable":true,"href":"https:\/\/mtn.com.tr\/de\/wp-json\/wp\/v2\/users\/1"}],"replies":[{"embeddable":true,"href":"https:\/\/mtn.com.tr\/de\/wp-json\/wp\/v2\/comments?post=2051"}],"version-history":[{"count":4,"href":"https:\/\/mtn.com.tr\/de\/wp-json\/wp\/v2\/pages\/2051\/revisions"}],"predecessor-version":[{"id":2055,"href":"https:\/\/mtn.com.tr\/de\/wp-json\/wp\/v2\/pages\/2051\/revisions\/2055"}],"wp:attachment":[{"href":"https:\/\/mtn.com.tr\/de\/wp-json\/wp\/v2\/media?parent=2051"}],"curies":[{"name":"wp","href":"https:\/\/api.w.org\/{rel}","templated":true}]}}