{"id":2056,"date":"2022-03-09T16:41:54","date_gmt":"2022-03-09T13:41:54","guid":{"rendered":"http:\/\/mtn.com.tr\/de\/analiz\/"},"modified":"2022-03-21T12:03:24","modified_gmt":"2022-03-21T09:03:24","slug":"analyse","status":"publish","type":"page","link":"https:\/\/mtn.com.tr\/de\/analyse\/","title":{"rendered":"ANALYSE"},"content":{"rendered":"\t\t<div data-elementor-type=\"wp-page\" data-elementor-id=\"2056\" class=\"elementor elementor-2056\" data-elementor-settings=\"[]\">\n\t\t\t\t\t\t\t<div class=\"elementor-section-wrap\">\n\t\t\t\t\t\t\t<section class=\"elementor-section elementor-top-section elementor-element elementor-element-c50e943 elementor-section-boxed elementor-section-height-default elementor-section-height-default\" data-id=\"c50e943\" data-element_type=\"section\" data-settings=\"{&quot;background_background&quot;:&quot;classic&quot;}\">\n\t\t\t\t\t\t\t<div class=\"elementor-background-overlay\"><\/div>\n\t\t\t\t\t\t\t<div class=\"elementor-container elementor-column-gap-default\">\n\t\t\t\t\t<div class=\"elementor-column elementor-col-50 elementor-top-column elementor-element elementor-element-2e7bb45\" data-id=\"2e7bb45\" data-element_type=\"column\">\n\t\t\t<div class=\"elementor-widget-wrap elementor-element-populated\">\n\t\t\t\t\t\t\t\t<div class=\"elementor-element elementor-element-6e6d150 elementor-widget elementor-widget-heading\" data-id=\"6e6d150\" data-element_type=\"widget\" data-widget_type=\"heading.default\">\n\t\t\t\t<div class=\"elementor-widget-container\">\n\t\t\t<style>\/*! elementor - v3.5.3 - 28-12-2021 *\/\n.elementor-heading-title{padding:0;margin:0;line-height:1}.elementor-widget-heading .elementor-heading-title[class*=elementor-size-]>a{color:inherit;font-size:inherit;line-height:inherit}.elementor-widget-heading .elementor-heading-title.elementor-size-small{font-size:15px}.elementor-widget-heading .elementor-heading-title.elementor-size-medium{font-size:19px}.elementor-widget-heading .elementor-heading-title.elementor-size-large{font-size:29px}.elementor-widget-heading .elementor-heading-title.elementor-size-xl{font-size:39px}.elementor-widget-heading .elementor-heading-title.elementor-size-xxl{font-size:59px}<\/style><h1 class=\"elementor-heading-title elementor-size-default\">ANALYSE<\/h1>\t\t<\/div>\n\t\t\t\t<\/div>\n\t\t\t\t\t<\/div>\n\t\t<\/div>\n\t\t\t\t<div class=\"elementor-column elementor-col-50 elementor-top-column elementor-element elementor-element-1e80a0b\" data-id=\"1e80a0b\" data-element_type=\"column\">\n\t\t\t<div class=\"elementor-widget-wrap\">\n\t\t\t\t\t\t\t\t\t<\/div>\n\t\t<\/div>\n\t\t\t\t\t\t\t<\/div>\n\t\t<\/section>\n\t\t\t\t<section class=\"elementor-section elementor-top-section elementor-element elementor-element-a51e32f elementor-section-boxed elementor-section-height-default elementor-section-height-default\" data-id=\"a51e32f\" data-element_type=\"section\">\n\t\t\t\t\t\t<div class=\"elementor-container elementor-column-gap-default\">\n\t\t\t\t\t<div class=\"elementor-column elementor-col-50 elementor-top-column elementor-element elementor-element-14ad90e\" data-id=\"14ad90e\" data-element_type=\"column\">\n\t\t\t<div class=\"elementor-widget-wrap elementor-element-populated\">\n\t\t\t\t\t\t\t\t<div class=\"elementor-element elementor-element-aa4d3ef elementor-widget elementor-widget-image\" data-id=\"aa4d3ef\" data-element_type=\"widget\" data-widget_type=\"image.default\">\n\t\t\t\t<div class=\"elementor-widget-container\">\n\t\t\t<style>\/*! elementor - v3.5.3 - 28-12-2021 *\/\n.elementor-widget-image{text-align:center}.elementor-widget-image a{display:inline-block}.elementor-widget-image a img[src$=\".svg\"]{width:48px}.elementor-widget-image img{vertical-align:middle;display:inline-block}<\/style>\t\t\t\t\t\t\t\t\t\t\t\t<img loading=\"lazy\" decoding=\"async\" width=\"1600\" height=\"1066\" src=\"https:\/\/mtn.com.tr\/de\/wp-content\/uploads\/2022\/03\/PP3.jpeg\" class=\"attachment-full size-full\" alt=\"\" srcset=\"https:\/\/mtn.com.tr\/de\/wp-content\/uploads\/2022\/03\/PP3.jpeg 1600w, https:\/\/mtn.com.tr\/de\/wp-content\/uploads\/2022\/03\/PP3-300x200.jpeg 300w, https:\/\/mtn.com.tr\/de\/wp-content\/uploads\/2022\/03\/PP3-1024x682.jpeg 1024w, https:\/\/mtn.com.tr\/de\/wp-content\/uploads\/2022\/03\/PP3-768x512.jpeg 768w, https:\/\/mtn.com.tr\/de\/wp-content\/uploads\/2022\/03\/PP3-1536x1023.jpeg 1536w\" sizes=\"auto, (max-width: 1600px) 100vw, 1600px\" \/>\t\t\t\t\t\t\t\t\t\t\t\t\t\t\t<\/div>\n\t\t\t\t<\/div>\n\t\t\t\t<div class=\"elementor-element elementor-element-0b77d77 elementor-widget elementor-widget-image\" data-id=\"0b77d77\" data-element_type=\"widget\" data-widget_type=\"image.default\">\n\t\t\t\t<div class=\"elementor-widget-container\">\n\t\t\t\t\t\t\t\t\t\t\t\t\t\t\t<img loading=\"lazy\" decoding=\"async\" width=\"535\" height=\"298\" src=\"https:\/\/mtn.com.tr\/de\/wp-content\/uploads\/2022\/01\/analiz.jpg\" class=\"attachment-full size-full\" alt=\"\" srcset=\"https:\/\/mtn.com.tr\/de\/wp-content\/uploads\/2022\/01\/analiz.jpg 535w, https:\/\/mtn.com.tr\/de\/wp-content\/uploads\/2022\/01\/analiz-300x167.jpg 300w\" sizes=\"auto, (max-width: 535px) 100vw, 535px\" \/>\t\t\t\t\t\t\t\t\t\t\t\t\t\t\t<\/div>\n\t\t\t\t<\/div>\n\t\t\t\t\t<\/div>\n\t\t<\/div>\n\t\t\t\t<div class=\"elementor-column elementor-col-50 elementor-top-column elementor-element elementor-element-41be18b\" data-id=\"41be18b\" data-element_type=\"column\">\n\t\t\t<div class=\"elementor-widget-wrap elementor-element-populated\">\n\t\t\t\t\t\t\t\t<div class=\"elementor-element elementor-element-9ddbbba elementor-invisible elementor-widget elementor-widget-heading\" data-id=\"9ddbbba\" data-element_type=\"widget\" data-settings=\"{&quot;_animation&quot;:&quot;fadeInUp&quot;,&quot;_animation_delay&quot;:200}\" data-widget_type=\"heading.default\">\n\t\t\t\t<div class=\"elementor-widget-container\">\n\t\t\t<h2 class=\"elementor-heading-title elementor-size-default\">ANALYSE<\/h2>\t\t<\/div>\n\t\t\t\t<\/div>\n\t\t\t\t<div class=\"elementor-element elementor-element-e4befa7 elementor-widget elementor-widget-text-editor\" data-id=\"e4befa7\" data-element_type=\"widget\" data-widget_type=\"text-editor.default\">\n\t\t\t\t<div class=\"elementor-widget-container\">\n\t\t\t<style>\/*! elementor - v3.5.3 - 28-12-2021 *\/\n.elementor-widget-text-editor.elementor-drop-cap-view-stacked .elementor-drop-cap{background-color:#818a91;color:#fff}.elementor-widget-text-editor.elementor-drop-cap-view-framed .elementor-drop-cap{color:#818a91;border:3px solid;background-color:transparent}.elementor-widget-text-editor:not(.elementor-drop-cap-view-default) .elementor-drop-cap{margin-top:8px}.elementor-widget-text-editor:not(.elementor-drop-cap-view-default) .elementor-drop-cap-letter{width:1em;height:1em}.elementor-widget-text-editor .elementor-drop-cap{float:left;text-align:center;line-height:1;font-size:50px}.elementor-widget-text-editor .elementor-drop-cap-letter{display:inline-block}<\/style>\t\t\t\t<p><strong>Mit den richtigen Ans\u00e4tzen entstehen die richtigen L\u00f6sungen.<\/strong><\/p><p>Die vom Kunden erhaltenen Informationen und 3D-Daten werden gepr\u00fcft, die Form der Form und notwendige \u00c4nderungen der Daten gem\u00e4\u00df den Kundenanforderungen festgelegt und dem Kunden zur Freigabe vorgelegt. Jedes Projekt wurde als Pr\u00e4sentationsdatei mit MTN-Erfahrung erstellt. MTN f\u00fchrt FMA-Analysen durch und \u00fcberpr\u00fcft alle Details, um eine bessere Teile- und Formqualit\u00e4t w\u00e4hrend der gesamten Lebensdauer des Produkts zu unterst\u00fctzen. Mit dem Vorteil der sehr breiten MTN-Formstandards sorgen wir daf\u00fcr, dass unsere Kunden sicher und schnell sind.<br \/>Alle Analysen (F\u00fcllungsanalyse, Abk\u00fchlungsanalyse, Verformungsanalyse usw.) des fertigzustellenden Teils werden vor dem Designprozess durchgef\u00fchrt. Wenn kein Problem erkannt wird, wird die Designphase gestartet.<\/p>\t\t\t\t\t\t<\/div>\n\t\t\t\t<\/div>\n\t\t\t\t\t<\/div>\n\t\t<\/div>\n\t\t\t\t\t\t\t<\/div>\n\t\t<\/section>\n\t\t\t\t\t\t<\/div>\n\t\t\t\t\t<\/div>\n\t\t","protected":false},"excerpt":{"rendered":"<p>ANALYSE ANALYSE Mit den richtigen Ans\u00e4tzen entstehen die richtigen L\u00f6sungen. Die vom Kunden erhaltenen Informationen und 3D-Daten werden gepr\u00fcft, die Form der Form und notwendige \u00c4nderungen der Daten gem\u00e4\u00df den Kundenanforderungen festgelegt und dem Kunden zur Freigabe vorgelegt. Jedes Projekt wurde als Pr\u00e4sentationsdatei mit MTN-Erfahrung erstellt. MTN f\u00fchrt FMA-Analysen durch und \u00fcberpr\u00fcft alle Details, um [&hellip;]<\/p>\n","protected":false},"author":1,"featured_media":0,"parent":0,"menu_order":0,"comment_status":"closed","ping_status":"closed","template":"","meta":{"footnotes":""},"class_list":["post-2056","page","type-page","status-publish","hentry"],"_links":{"self":[{"href":"https:\/\/mtn.com.tr\/de\/wp-json\/wp\/v2\/pages\/2056","targetHints":{"allow":["GET"]}}],"collection":[{"href":"https:\/\/mtn.com.tr\/de\/wp-json\/wp\/v2\/pages"}],"about":[{"href":"https:\/\/mtn.com.tr\/de\/wp-json\/wp\/v2\/types\/page"}],"author":[{"embeddable":true,"href":"https:\/\/mtn.com.tr\/de\/wp-json\/wp\/v2\/users\/1"}],"replies":[{"embeddable":true,"href":"https:\/\/mtn.com.tr\/de\/wp-json\/wp\/v2\/comments?post=2056"}],"version-history":[{"count":4,"href":"https:\/\/mtn.com.tr\/de\/wp-json\/wp\/v2\/pages\/2056\/revisions"}],"predecessor-version":[{"id":2060,"href":"https:\/\/mtn.com.tr\/de\/wp-json\/wp\/v2\/pages\/2056\/revisions\/2060"}],"wp:attachment":[{"href":"https:\/\/mtn.com.tr\/de\/wp-json\/wp\/v2\/media?parent=2056"}],"curies":[{"name":"wp","href":"https:\/\/api.w.org\/{rel}","templated":true}]}}