{"id":2061,"date":"2022-03-09T16:42:29","date_gmt":"2022-03-09T13:42:29","guid":{"rendered":"http:\/\/mtn.com.tr\/de\/gelistirme-tasarim\/"},"modified":"2022-03-21T12:04:37","modified_gmt":"2022-03-21T09:04:37","slug":"entwicklung-design","status":"publish","type":"page","link":"https:\/\/mtn.com.tr\/de\/entwicklung-design\/","title":{"rendered":"ENTWICKLUNG &#038; DESIGN"},"content":{"rendered":"\t\t<div data-elementor-type=\"wp-page\" data-elementor-id=\"2061\" class=\"elementor elementor-2061\" data-elementor-settings=\"[]\">\n\t\t\t\t\t\t\t<div class=\"elementor-section-wrap\">\n\t\t\t\t\t\t\t<section class=\"elementor-section elementor-top-section elementor-element elementor-element-aacbc8d elementor-section-boxed elementor-section-height-default elementor-section-height-default\" data-id=\"aacbc8d\" data-element_type=\"section\" data-settings=\"{&quot;background_background&quot;:&quot;classic&quot;}\">\n\t\t\t\t\t\t\t<div class=\"elementor-background-overlay\"><\/div>\n\t\t\t\t\t\t\t<div class=\"elementor-container elementor-column-gap-default\">\n\t\t\t\t\t<div class=\"elementor-column elementor-col-50 elementor-top-column elementor-element elementor-element-60ccf63\" data-id=\"60ccf63\" data-element_type=\"column\">\n\t\t\t<div class=\"elementor-widget-wrap elementor-element-populated\">\n\t\t\t\t\t\t\t\t<div class=\"elementor-element elementor-element-943712b elementor-widget elementor-widget-heading\" data-id=\"943712b\" data-element_type=\"widget\" data-widget_type=\"heading.default\">\n\t\t\t\t<div class=\"elementor-widget-container\">\n\t\t\t<style>\/*! elementor - v3.5.3 - 28-12-2021 *\/\n.elementor-heading-title{padding:0;margin:0;line-height:1}.elementor-widget-heading .elementor-heading-title[class*=elementor-size-]>a{color:inherit;font-size:inherit;line-height:inherit}.elementor-widget-heading .elementor-heading-title.elementor-size-small{font-size:15px}.elementor-widget-heading .elementor-heading-title.elementor-size-medium{font-size:19px}.elementor-widget-heading .elementor-heading-title.elementor-size-large{font-size:29px}.elementor-widget-heading .elementor-heading-title.elementor-size-xl{font-size:39px}.elementor-widget-heading .elementor-heading-title.elementor-size-xxl{font-size:59px}<\/style><h1 class=\"elementor-heading-title elementor-size-default\">ENTWICKLUNG & DESIGN<\/h1>\t\t<\/div>\n\t\t\t\t<\/div>\n\t\t\t\t\t<\/div>\n\t\t<\/div>\n\t\t\t\t<div class=\"elementor-column elementor-col-50 elementor-top-column elementor-element elementor-element-cf4a4e7\" data-id=\"cf4a4e7\" data-element_type=\"column\">\n\t\t\t<div class=\"elementor-widget-wrap\">\n\t\t\t\t\t\t\t\t\t<\/div>\n\t\t<\/div>\n\t\t\t\t\t\t\t<\/div>\n\t\t<\/section>\n\t\t\t\t<section class=\"elementor-section elementor-top-section elementor-element elementor-element-ece5880 elementor-section-boxed elementor-section-height-default elementor-section-height-default\" data-id=\"ece5880\" data-element_type=\"section\" data-settings=\"{&quot;background_background&quot;:&quot;classic&quot;}\">\n\t\t\t\t\t\t<div class=\"elementor-container elementor-column-gap-default\">\n\t\t\t\t\t<div class=\"elementor-column elementor-col-50 elementor-top-column elementor-element elementor-element-cb6dac0\" data-id=\"cb6dac0\" data-element_type=\"column\">\n\t\t\t<div class=\"elementor-widget-wrap elementor-element-populated\">\n\t\t\t\t\t\t\t\t<div class=\"elementor-element elementor-element-04e98e4 elementor-invisible elementor-widget elementor-widget-heading\" data-id=\"04e98e4\" data-element_type=\"widget\" data-settings=\"{&quot;_animation&quot;:&quot;fadeInUp&quot;,&quot;_animation_delay&quot;:200}\" data-widget_type=\"heading.default\">\n\t\t\t\t<div class=\"elementor-widget-container\">\n\t\t\t<h2 class=\"elementor-heading-title elementor-size-default\">ENTWICKLUNG & DESIGN<\/h2>\t\t<\/div>\n\t\t\t\t<\/div>\n\t\t\t\t<div class=\"elementor-element elementor-element-307c1df elementor-widget elementor-widget-text-editor\" data-id=\"307c1df\" data-element_type=\"widget\" data-widget_type=\"text-editor.default\">\n\t\t\t\t<div class=\"elementor-widget-container\">\n\t\t\t<style>\/*! elementor - v3.5.3 - 28-12-2021 *\/\n.elementor-widget-text-editor.elementor-drop-cap-view-stacked .elementor-drop-cap{background-color:#818a91;color:#fff}.elementor-widget-text-editor.elementor-drop-cap-view-framed .elementor-drop-cap{color:#818a91;border:3px solid;background-color:transparent}.elementor-widget-text-editor:not(.elementor-drop-cap-view-default) .elementor-drop-cap{margin-top:8px}.elementor-widget-text-editor:not(.elementor-drop-cap-view-default) .elementor-drop-cap-letter{width:1em;height:1em}.elementor-widget-text-editor .elementor-drop-cap{float:left;text-align:center;line-height:1;font-size:50px}.elementor-widget-text-editor .elementor-drop-cap-letter{display:inline-block}<\/style>\t\t\t\t<p><strong>Design ist die Quelle echter Kraft.<\/strong><\/p><p>Sobald wir die Bestellung erhalten, beginnen wir mit der Vorformkonstruktion gem\u00e4\u00df der Erkl\u00e4rung und Zustimmung unseres Kunden. Das Vorformdesign zeigt Gr\u00f6\u00dfe, Einspritzung, K\u00fchlung, Kern und bewegliche Teile an den R\u00e4ndern der Form; mit anderen Worten, alle Hauptmerkmale des Produkts. Dadurch k\u00f6nnen unsere Kunden das Engineering-Konzept schnell erkennen.<\/p><p>Nachdem die technischen Eigenschaften des Produkts \u00fcberpr\u00fcft wurden, beginnt die Designphase mit der Bestellung des Stahlmaterials ohne Zeitverlust. W\u00e4hrend der Konstruktion werden alle Teile der Form als 3D-Volumenmodelle und technische 2D-Zeichnungen angezeigt.<\/p><p>In unserem Unternehmen verwenden wir die besten CAD\/CAM-Programme und die Software Catia Translator, Cadmold und Moldworks. Die Dateitypen, die wir dank dieser Programme lesen k\u00f6nnen, sind IGS, PARASOLID (XT), SAT, VDA; STEP, DWG, DXF, STL PRT, MOD, EXP, CATPart, CATProduct<\/p>\t\t\t\t\t\t<\/div>\n\t\t\t\t<\/div>\n\t\t\t\t\t<\/div>\n\t\t<\/div>\n\t\t\t\t<div class=\"elementor-column elementor-col-50 elementor-top-column elementor-element elementor-element-0c4b947\" data-id=\"0c4b947\" data-element_type=\"column\">\n\t\t\t<div class=\"elementor-widget-wrap elementor-element-populated\">\n\t\t\t\t\t\t\t\t<div class=\"elementor-element elementor-element-9c0c454 elementor-widget elementor-widget-image\" data-id=\"9c0c454\" data-element_type=\"widget\" data-widget_type=\"image.default\">\n\t\t\t\t<div class=\"elementor-widget-container\">\n\t\t\t<style>\/*! elementor - v3.5.3 - 28-12-2021 *\/\n.elementor-widget-image{text-align:center}.elementor-widget-image a{display:inline-block}.elementor-widget-image a img[src$=\".svg\"]{width:48px}.elementor-widget-image img{vertical-align:middle;display:inline-block}<\/style>\t\t\t\t\t\t\t\t\t\t\t\t<img loading=\"lazy\" decoding=\"async\" width=\"300\" height=\"269\" src=\"https:\/\/mtn.com.tr\/de\/wp-content\/uploads\/2022\/01\/DEVELOPMENT-300x269.png\" class=\"attachment-medium size-medium\" alt=\"\" srcset=\"https:\/\/mtn.com.tr\/de\/wp-content\/uploads\/2022\/01\/DEVELOPMENT-300x269.png 300w, https:\/\/mtn.com.tr\/de\/wp-content\/uploads\/2022\/01\/DEVELOPMENT.png 350w\" sizes=\"auto, (max-width: 300px) 100vw, 300px\" \/>\t\t\t\t\t\t\t\t\t\t\t\t\t\t\t<\/div>\n\t\t\t\t<\/div>\n\t\t\t\t\t<\/div>\n\t\t<\/div>\n\t\t\t\t\t\t\t<\/div>\n\t\t<\/section>\n\t\t\t\t<section class=\"elementor-section elementor-top-section elementor-element elementor-element-bce905f elementor-section-boxed elementor-section-height-default elementor-section-height-default\" data-id=\"bce905f\" data-element_type=\"section\">\n\t\t\t\t\t\t<div class=\"elementor-container elementor-column-gap-default\">\n\t\t\t\t\t<div class=\"elementor-column elementor-col-100 elementor-top-column elementor-element elementor-element-f73c455\" data-id=\"f73c455\" data-element_type=\"column\">\n\t\t\t<div class=\"elementor-widget-wrap elementor-element-populated\">\n\t\t\t\t\t\t\t\t<div class=\"elementor-element elementor-element-edcb90e elementor-widget elementor-widget-image\" data-id=\"edcb90e\" data-element_type=\"widget\" data-widget_type=\"image.default\">\n\t\t\t\t<div class=\"elementor-widget-container\">\n\t\t\t\t\t\t\t\t\t\t\t\t\t\t\t<img loading=\"lazy\" decoding=\"async\" width=\"913\" height=\"81\" src=\"https:\/\/mtn.com.tr\/de\/wp-content\/uploads\/2022\/03\/PP4.png\" class=\"attachment-full size-full\" alt=\"\" srcset=\"https:\/\/mtn.com.tr\/de\/wp-content\/uploads\/2022\/03\/PP4.png 913w, https:\/\/mtn.com.tr\/de\/wp-content\/uploads\/2022\/03\/PP4-300x27.png 300w, https:\/\/mtn.com.tr\/de\/wp-content\/uploads\/2022\/03\/PP4-768x68.png 768w\" sizes=\"auto, (max-width: 913px) 100vw, 913px\" \/>\t\t\t\t\t\t\t\t\t\t\t\t\t\t\t<\/div>\n\t\t\t\t<\/div>\n\t\t\t\t\t<\/div>\n\t\t<\/div>\n\t\t\t\t\t\t\t<\/div>\n\t\t<\/section>\n\t\t\t\t\t\t<\/div>\n\t\t\t\t\t<\/div>\n\t\t","protected":false},"excerpt":{"rendered":"<p>ENTWICKLUNG &#038; DESIGN ENTWICKLUNG &#038; DESIGN Design ist die Quelle echter Kraft. Sobald wir die Bestellung erhalten, beginnen wir mit der Vorformkonstruktion gem\u00e4\u00df der Erkl\u00e4rung und Zustimmung unseres Kunden. Das Vorformdesign zeigt Gr\u00f6\u00dfe, Einspritzung, K\u00fchlung, Kern und bewegliche Teile an den R\u00e4ndern der Form; mit anderen Worten, alle Hauptmerkmale des Produkts. Dadurch k\u00f6nnen unsere Kunden [&hellip;]<\/p>\n","protected":false},"author":1,"featured_media":0,"parent":0,"menu_order":0,"comment_status":"closed","ping_status":"closed","template":"","meta":{"footnotes":""},"class_list":["post-2061","page","type-page","status-publish","hentry"],"_links":{"self":[{"href":"https:\/\/mtn.com.tr\/de\/wp-json\/wp\/v2\/pages\/2061","targetHints":{"allow":["GET"]}}],"collection":[{"href":"https:\/\/mtn.com.tr\/de\/wp-json\/wp\/v2\/pages"}],"about":[{"href":"https:\/\/mtn.com.tr\/de\/wp-json\/wp\/v2\/types\/page"}],"author":[{"embeddable":true,"href":"https:\/\/mtn.com.tr\/de\/wp-json\/wp\/v2\/users\/1"}],"replies":[{"embeddable":true,"href":"https:\/\/mtn.com.tr\/de\/wp-json\/wp\/v2\/comments?post=2061"}],"version-history":[{"count":4,"href":"https:\/\/mtn.com.tr\/de\/wp-json\/wp\/v2\/pages\/2061\/revisions"}],"predecessor-version":[{"id":2065,"href":"https:\/\/mtn.com.tr\/de\/wp-json\/wp\/v2\/pages\/2061\/revisions\/2065"}],"wp:attachment":[{"href":"https:\/\/mtn.com.tr\/de\/wp-json\/wp\/v2\/media?parent=2061"}],"curies":[{"name":"wp","href":"https:\/\/api.w.org\/{rel}","templated":true}]}}