{"id":2066,"date":"2022-03-09T17:37:51","date_gmt":"2022-03-09T14:37:51","guid":{"rendered":"http:\/\/mtn.com.tr\/de\/raporlama\/"},"modified":"2022-03-21T12:08:04","modified_gmt":"2022-03-21T09:08:04","slug":"berichterstattung","status":"publish","type":"page","link":"https:\/\/mtn.com.tr\/de\/berichterstattung\/","title":{"rendered":"BERICHTERSTATTUNG"},"content":{"rendered":"\t\t<div data-elementor-type=\"wp-page\" data-elementor-id=\"2066\" class=\"elementor elementor-2066\" data-elementor-settings=\"[]\">\n\t\t\t\t\t\t\t<div class=\"elementor-section-wrap\">\n\t\t\t\t\t\t\t<section class=\"elementor-section elementor-top-section elementor-element elementor-element-6d08bf9 elementor-section-boxed elementor-section-height-default elementor-section-height-default\" data-id=\"6d08bf9\" data-element_type=\"section\" data-settings=\"{&quot;background_background&quot;:&quot;classic&quot;}\">\n\t\t\t\t\t\t\t<div class=\"elementor-background-overlay\"><\/div>\n\t\t\t\t\t\t\t<div class=\"elementor-container elementor-column-gap-default\">\n\t\t\t\t\t<div class=\"elementor-column elementor-col-50 elementor-top-column elementor-element elementor-element-516d961\" data-id=\"516d961\" data-element_type=\"column\">\n\t\t\t<div class=\"elementor-widget-wrap elementor-element-populated\">\n\t\t\t\t\t\t\t\t<div class=\"elementor-element elementor-element-0dac4e6 elementor-widget elementor-widget-heading\" data-id=\"0dac4e6\" data-element_type=\"widget\" data-widget_type=\"heading.default\">\n\t\t\t\t<div class=\"elementor-widget-container\">\n\t\t\t<style>\/*! elementor - v3.5.3 - 28-12-2021 *\/\n.elementor-heading-title{padding:0;margin:0;line-height:1}.elementor-widget-heading .elementor-heading-title[class*=elementor-size-]>a{color:inherit;font-size:inherit;line-height:inherit}.elementor-widget-heading .elementor-heading-title.elementor-size-small{font-size:15px}.elementor-widget-heading .elementor-heading-title.elementor-size-medium{font-size:19px}.elementor-widget-heading .elementor-heading-title.elementor-size-large{font-size:29px}.elementor-widget-heading .elementor-heading-title.elementor-size-xl{font-size:39px}.elementor-widget-heading .elementor-heading-title.elementor-size-xxl{font-size:59px}<\/style><h1 class=\"elementor-heading-title elementor-size-default\">BERICHTERSTATTUNG<\/h1>\t\t<\/div>\n\t\t\t\t<\/div>\n\t\t\t\t\t<\/div>\n\t\t<\/div>\n\t\t\t\t<div class=\"elementor-column elementor-col-50 elementor-top-column elementor-element elementor-element-88fbb1a\" data-id=\"88fbb1a\" data-element_type=\"column\">\n\t\t\t<div class=\"elementor-widget-wrap\">\n\t\t\t\t\t\t\t\t\t<\/div>\n\t\t<\/div>\n\t\t\t\t\t\t\t<\/div>\n\t\t<\/section>\n\t\t\t\t<section class=\"elementor-section elementor-top-section elementor-element elementor-element-62ea33d elementor-section-boxed elementor-section-height-default elementor-section-height-default\" data-id=\"62ea33d\" data-element_type=\"section\" data-settings=\"{&quot;background_background&quot;:&quot;classic&quot;}\">\n\t\t\t\t\t\t<div class=\"elementor-container elementor-column-gap-default\">\n\t\t\t\t\t<div class=\"elementor-column elementor-col-50 elementor-top-column elementor-element elementor-element-aa5084b\" data-id=\"aa5084b\" data-element_type=\"column\">\n\t\t\t<div class=\"elementor-widget-wrap elementor-element-populated\">\n\t\t\t\t\t\t\t\t<div class=\"elementor-element elementor-element-3154e3f elementor-invisible elementor-widget elementor-widget-heading\" data-id=\"3154e3f\" data-element_type=\"widget\" data-settings=\"{&quot;_animation&quot;:&quot;fadeInUp&quot;,&quot;_animation_delay&quot;:200}\" data-widget_type=\"heading.default\">\n\t\t\t\t<div class=\"elementor-widget-container\">\n\t\t\t<h2 class=\"elementor-heading-title elementor-size-default\">BERICHTERSTATTUNG<\/h2>\t\t<\/div>\n\t\t\t\t<\/div>\n\t\t\t\t<div class=\"elementor-element elementor-element-30c8c15 elementor-widget elementor-widget-text-editor\" data-id=\"30c8c15\" data-element_type=\"widget\" data-widget_type=\"text-editor.default\">\n\t\t\t\t<div class=\"elementor-widget-container\">\n\t\t\t<style>\/*! elementor - v3.5.3 - 28-12-2021 *\/\n.elementor-widget-text-editor.elementor-drop-cap-view-stacked .elementor-drop-cap{background-color:#818a91;color:#fff}.elementor-widget-text-editor.elementor-drop-cap-view-framed .elementor-drop-cap{color:#818a91;border:3px solid;background-color:transparent}.elementor-widget-text-editor:not(.elementor-drop-cap-view-default) .elementor-drop-cap{margin-top:8px}.elementor-widget-text-editor:not(.elementor-drop-cap-view-default) .elementor-drop-cap-letter{width:1em;height:1em}.elementor-widget-text-editor .elementor-drop-cap{float:left;text-align:center;line-height:1;font-size:50px}.elementor-widget-text-editor .elementor-drop-cap-letter{display:inline-block}<\/style>\t\t\t\t<p><strong>Ein Just-in-Time-Projekt ist das Ergebnis eines von Anfang an richtig gemachten Plans.<\/strong><\/p><p>F\u00fcr jeden Kunden wird ein FTP-Konto erstellt und Formfortschrittsberichte werden automatisch auf diesem Konto gespeichert.<\/p><p>Auf diese Weise kann der Kunde jede Phase des Projekts verfolgen.<\/p><p>Schnell zu sein, das hei\u00dft, ein Projekt in der gew\u00fcnschten Zeit abzuschlie\u00dfen, ist eines der wichtigsten Themen und ein sehr wichtiger Wert f\u00fcr MTN Kal\u0131p. Alle herzustellenden Formen werden in einer nach bestimmten Regeln erstellten Software programmiert.<\/p><p>Mit den verf\u00fcgbaren grafischen Tools k\u00f6nnen Verbesserungen genau \u00fcberpr\u00fcft und Vergleiche angestellt werden. Diese Informationen dienen als Warnung im Falle einer Verz\u00f6gerung sowohl in Bezug auf den Kunden als auch in Bezug auf den erstellten Plan und erleichtern die L\u00f6sung, indem sie uns erm\u00f6glichen, Ma\u00dfnahmen zu ergreifen.<\/p>\t\t\t\t\t\t<\/div>\n\t\t\t\t<\/div>\n\t\t\t\t\t<\/div>\n\t\t<\/div>\n\t\t\t\t<div class=\"elementor-column elementor-col-50 elementor-top-column elementor-element elementor-element-5472b8a\" data-id=\"5472b8a\" data-element_type=\"column\">\n\t\t\t<div class=\"elementor-widget-wrap elementor-element-populated\">\n\t\t\t\t\t\t\t\t<div class=\"elementor-element elementor-element-137640e elementor-widget elementor-widget-image\" data-id=\"137640e\" data-element_type=\"widget\" data-widget_type=\"image.default\">\n\t\t\t\t<div class=\"elementor-widget-container\">\n\t\t\t<style>\/*! elementor - v3.5.3 - 28-12-2021 *\/\n.elementor-widget-image{text-align:center}.elementor-widget-image a{display:inline-block}.elementor-widget-image a img[src$=\".svg\"]{width:48px}.elementor-widget-image img{vertical-align:middle;display:inline-block}<\/style>\t\t\t\t\t\t\t\t\t\t\t\t\t<a href=\"http:\/\/mtn.com.tr\/wp-content\/uploads\/2022\/03\/P2.png\" data-elementor-open-lightbox=\"yes\" data-elementor-lightbox-title=\"P2\">\n\t\t\t\t\t\t\t<img loading=\"lazy\" decoding=\"async\" width=\"1039\" height=\"579\" src=\"https:\/\/mtn.com.tr\/de\/wp-content\/uploads\/2022\/03\/P2.png\" class=\"attachment-full size-full\" alt=\"\" srcset=\"https:\/\/mtn.com.tr\/de\/wp-content\/uploads\/2022\/03\/P2.png 1039w, https:\/\/mtn.com.tr\/de\/wp-content\/uploads\/2022\/03\/P2-300x167.png 300w, https:\/\/mtn.com.tr\/de\/wp-content\/uploads\/2022\/03\/P2-1024x571.png 1024w, https:\/\/mtn.com.tr\/de\/wp-content\/uploads\/2022\/03\/P2-768x428.png 768w\" sizes=\"auto, (max-width: 1039px) 100vw, 1039px\" \/>\t\t\t\t\t\t\t\t<\/a>\n\t\t\t\t\t\t\t\t\t\t\t\t\t\t\t<\/div>\n\t\t\t\t<\/div>\n\t\t\t\t<section class=\"elementor-section elementor-inner-section elementor-element elementor-element-3d02b2f elementor-section-boxed elementor-section-height-default elementor-section-height-default\" data-id=\"3d02b2f\" data-element_type=\"section\" data-settings=\"{&quot;background_background&quot;:&quot;classic&quot;}\">\n\t\t\t\t\t\t<div class=\"elementor-container elementor-column-gap-default\">\n\t\t\t\t\t<div class=\"elementor-column elementor-col-100 elementor-inner-column elementor-element elementor-element-74369ab\" data-id=\"74369ab\" data-element_type=\"column\">\n\t\t\t<div class=\"elementor-widget-wrap elementor-element-populated\">\n\t\t\t\t\t\t\t\t<div class=\"elementor-element elementor-element-27ad78d elementor-widget elementor-widget-text-editor\" data-id=\"27ad78d\" data-element_type=\"widget\" data-widget_type=\"text-editor.default\">\n\t\t\t\t<div class=\"elementor-widget-container\">\n\t\t\t\t\t\t\t<p>Ein Just-in-Time-Projekt ist das Ergebnis eines Plans, der von Anfang an erstellt wurde.<\/p><p>F\u00fcr jeden Kunden wird ein FTP-Konto erstellt und Formfortschrittsberichte werden automatisch auf diesem Konto gespeichert.<\/p><p>Je nach Bedarf kann es f\u00fcr Werkzeugteile bei jedem Schritt der digitalen Lackierung, Echtzeitfilme usw. angezeigt werden.<\/p>\t\t\t\t\t\t<\/div>\n\t\t\t\t<\/div>\n\t\t\t\t\t<\/div>\n\t\t<\/div>\n\t\t\t\t\t\t\t<\/div>\n\t\t<\/section>\n\t\t\t\t\t<\/div>\n\t\t<\/div>\n\t\t\t\t\t\t\t<\/div>\n\t\t<\/section>\n\t\t\t\t\t\t<\/div>\n\t\t\t\t\t<\/div>\n\t\t","protected":false},"excerpt":{"rendered":"<p>BERICHTERSTATTUNG BERICHTERSTATTUNG Ein Just-in-Time-Projekt ist das Ergebnis eines von Anfang an richtig gemachten Plans. F\u00fcr jeden Kunden wird ein FTP-Konto erstellt und Formfortschrittsberichte werden automatisch auf diesem Konto gespeichert. Auf diese Weise kann der Kunde jede Phase des Projekts verfolgen. Schnell zu sein, das hei\u00dft, ein Projekt in der gew\u00fcnschten Zeit abzuschlie\u00dfen, ist eines der [&hellip;]<\/p>\n","protected":false},"author":1,"featured_media":0,"parent":0,"menu_order":0,"comment_status":"closed","ping_status":"closed","template":"","meta":{"footnotes":""},"class_list":["post-2066","page","type-page","status-publish","hentry"],"_links":{"self":[{"href":"https:\/\/mtn.com.tr\/de\/wp-json\/wp\/v2\/pages\/2066","targetHints":{"allow":["GET"]}}],"collection":[{"href":"https:\/\/mtn.com.tr\/de\/wp-json\/wp\/v2\/pages"}],"about":[{"href":"https:\/\/mtn.com.tr\/de\/wp-json\/wp\/v2\/types\/page"}],"author":[{"embeddable":true,"href":"https:\/\/mtn.com.tr\/de\/wp-json\/wp\/v2\/users\/1"}],"replies":[{"embeddable":true,"href":"https:\/\/mtn.com.tr\/de\/wp-json\/wp\/v2\/comments?post=2066"}],"version-history":[{"count":4,"href":"https:\/\/mtn.com.tr\/de\/wp-json\/wp\/v2\/pages\/2066\/revisions"}],"predecessor-version":[{"id":2070,"href":"https:\/\/mtn.com.tr\/de\/wp-json\/wp\/v2\/pages\/2066\/revisions\/2070"}],"wp:attachment":[{"href":"https:\/\/mtn.com.tr\/de\/wp-json\/wp\/v2\/media?parent=2066"}],"curies":[{"name":"wp","href":"https:\/\/api.w.org\/{rel}","templated":true}]}}