{"id":2072,"date":"2022-03-09T16:43:51","date_gmt":"2022-03-09T13:43:51","guid":{"rendered":"http:\/\/mtn.com.tr\/de\/prototip-kalip\/"},"modified":"2022-03-21T12:09:25","modified_gmt":"2022-03-21T09:09:25","slug":"prototyp-form","status":"publish","type":"page","link":"https:\/\/mtn.com.tr\/de\/prototyp-form\/","title":{"rendered":"PROTOTYP-FORM"},"content":{"rendered":"\t\t<div data-elementor-type=\"wp-page\" data-elementor-id=\"2072\" class=\"elementor elementor-2072\" data-elementor-settings=\"[]\">\n\t\t\t\t\t\t\t<div class=\"elementor-section-wrap\">\n\t\t\t\t\t\t\t<section class=\"elementor-section elementor-top-section elementor-element elementor-element-827b072 elementor-section-boxed elementor-section-height-default elementor-section-height-default\" data-id=\"827b072\" data-element_type=\"section\" data-settings=\"{&quot;background_background&quot;:&quot;classic&quot;}\">\n\t\t\t\t\t\t\t<div class=\"elementor-background-overlay\"><\/div>\n\t\t\t\t\t\t\t<div class=\"elementor-container elementor-column-gap-default\">\n\t\t\t\t\t<div class=\"elementor-column elementor-col-50 elementor-top-column elementor-element elementor-element-8b4f091\" data-id=\"8b4f091\" data-element_type=\"column\">\n\t\t\t<div class=\"elementor-widget-wrap elementor-element-populated\">\n\t\t\t\t\t\t\t\t<div class=\"elementor-element elementor-element-d7e99bb elementor-widget elementor-widget-heading\" data-id=\"d7e99bb\" data-element_type=\"widget\" data-widget_type=\"heading.default\">\n\t\t\t\t<div class=\"elementor-widget-container\">\n\t\t\t<style>\/*! elementor - v3.5.3 - 28-12-2021 *\/\n.elementor-heading-title{padding:0;margin:0;line-height:1}.elementor-widget-heading .elementor-heading-title[class*=elementor-size-]>a{color:inherit;font-size:inherit;line-height:inherit}.elementor-widget-heading .elementor-heading-title.elementor-size-small{font-size:15px}.elementor-widget-heading .elementor-heading-title.elementor-size-medium{font-size:19px}.elementor-widget-heading .elementor-heading-title.elementor-size-large{font-size:29px}.elementor-widget-heading .elementor-heading-title.elementor-size-xl{font-size:39px}.elementor-widget-heading .elementor-heading-title.elementor-size-xxl{font-size:59px}<\/style><h1 class=\"elementor-heading-title elementor-size-default\">PROTOTYP-FORM<\/h1>\t\t<\/div>\n\t\t\t\t<\/div>\n\t\t\t\t\t<\/div>\n\t\t<\/div>\n\t\t\t\t<div class=\"elementor-column elementor-col-50 elementor-top-column elementor-element elementor-element-d8f60b0\" data-id=\"d8f60b0\" data-element_type=\"column\">\n\t\t\t<div class=\"elementor-widget-wrap\">\n\t\t\t\t\t\t\t\t\t<\/div>\n\t\t<\/div>\n\t\t\t\t\t\t\t<\/div>\n\t\t<\/section>\n\t\t\t\t<section class=\"elementor-section elementor-top-section elementor-element elementor-element-c24c758 elementor-section-boxed elementor-section-height-default elementor-section-height-default\" data-id=\"c24c758\" data-element_type=\"section\">\n\t\t\t\t\t\t<div class=\"elementor-container elementor-column-gap-default\">\n\t\t\t\t\t<div class=\"elementor-column elementor-col-50 elementor-top-column elementor-element elementor-element-dd49b18\" data-id=\"dd49b18\" data-element_type=\"column\">\n\t\t\t<div class=\"elementor-widget-wrap elementor-element-populated\">\n\t\t\t\t\t\t\t\t<div class=\"elementor-element elementor-element-ed8f25e elementor-widget elementor-widget-image\" data-id=\"ed8f25e\" data-element_type=\"widget\" data-widget_type=\"image.default\">\n\t\t\t\t<div class=\"elementor-widget-container\">\n\t\t\t<style>\/*! elementor - v3.5.3 - 28-12-2021 *\/\n.elementor-widget-image{text-align:center}.elementor-widget-image a{display:inline-block}.elementor-widget-image a img[src$=\".svg\"]{width:48px}.elementor-widget-image img{vertical-align:middle;display:inline-block}<\/style>\t\t\t\t\t\t\t\t\t\t\t\t<img loading=\"lazy\" decoding=\"async\" width=\"600\" height=\"343\" src=\"https:\/\/mtn.com.tr\/de\/wp-content\/uploads\/2022\/01\/proto1.jpg\" class=\"attachment-full size-full\" alt=\"\" srcset=\"https:\/\/mtn.com.tr\/de\/wp-content\/uploads\/2022\/01\/proto1.jpg 600w, https:\/\/mtn.com.tr\/de\/wp-content\/uploads\/2022\/01\/proto1-300x172.jpg 300w\" sizes=\"auto, (max-width: 600px) 100vw, 600px\" \/>\t\t\t\t\t\t\t\t\t\t\t\t\t\t\t<\/div>\n\t\t\t\t<\/div>\n\t\t\t\t\t<\/div>\n\t\t<\/div>\n\t\t\t\t<div class=\"elementor-column elementor-col-50 elementor-top-column elementor-element elementor-element-6460b0a\" data-id=\"6460b0a\" data-element_type=\"column\">\n\t\t\t<div class=\"elementor-widget-wrap elementor-element-populated\">\n\t\t\t\t\t\t\t\t<div class=\"elementor-element elementor-element-65447dd elementor-invisible elementor-widget elementor-widget-heading\" data-id=\"65447dd\" data-element_type=\"widget\" data-settings=\"{&quot;_animation&quot;:&quot;fadeInUp&quot;,&quot;_animation_delay&quot;:200}\" data-widget_type=\"heading.default\">\n\t\t\t\t<div class=\"elementor-widget-container\">\n\t\t\t<h2 class=\"elementor-heading-title elementor-size-default\">PROTOTYP-FORM<\/h2>\t\t<\/div>\n\t\t\t\t<\/div>\n\t\t\t\t<div class=\"elementor-element elementor-element-36eeec6 elementor-widget elementor-widget-text-editor\" data-id=\"36eeec6\" data-element_type=\"widget\" data-widget_type=\"text-editor.default\">\n\t\t\t\t<div class=\"elementor-widget-container\">\n\t\t\t<style>\/*! elementor - v3.5.3 - 28-12-2021 *\/\n.elementor-widget-text-editor.elementor-drop-cap-view-stacked .elementor-drop-cap{background-color:#818a91;color:#fff}.elementor-widget-text-editor.elementor-drop-cap-view-framed .elementor-drop-cap{color:#818a91;border:3px solid;background-color:transparent}.elementor-widget-text-editor:not(.elementor-drop-cap-view-default) .elementor-drop-cap{margin-top:8px}.elementor-widget-text-editor:not(.elementor-drop-cap-view-default) .elementor-drop-cap-letter{width:1em;height:1em}.elementor-widget-text-editor .elementor-drop-cap{float:left;text-align:center;line-height:1;font-size:50px}.elementor-widget-text-editor .elementor-drop-cap-letter{display:inline-block}<\/style>\t\t\t\t<p>Prototypenformen werden ebenfalls im eigenen Haus gem\u00e4\u00df den W\u00fcnschen unserer Kunden hergestellt. Prototyp-Form wird hergestellt.<br \/>Pr\u00fcfen Sie, ob ein bestimmtes Teil perfekt ist, ohne die Originalform herzustellen, oder indem Sie eine begrenzte Anzahl dieses Teils herstellen, um eine begrenzte Anzahl von Teilen herzustellen.<\/p><p>Prototypform kann aus Aluminium, Werkzeugstahl oder verchromtem Material hergestellt werden.<\/p>\t\t\t\t\t\t<\/div>\n\t\t\t\t<\/div>\n\t\t\t\t\t<\/div>\n\t\t<\/div>\n\t\t\t\t\t\t\t<\/div>\n\t\t<\/section>\n\t\t\t\t\t\t<\/div>\n\t\t\t\t\t<\/div>\n\t\t","protected":false},"excerpt":{"rendered":"<p>PROTOTYP-FORM PROTOTYP-FORM Prototypenformen werden ebenfalls im eigenen Haus gem\u00e4\u00df den W\u00fcnschen unserer Kunden hergestellt. Prototyp-Form wird hergestellt.Pr\u00fcfen Sie, ob ein bestimmtes Teil perfekt ist, ohne die Originalform herzustellen, oder indem Sie eine begrenzte Anzahl dieses Teils herstellen, um eine begrenzte Anzahl von Teilen herzustellen. Prototypform kann aus Aluminium, Werkzeugstahl oder verchromtem Material hergestellt werden.<\/p>\n","protected":false},"author":1,"featured_media":0,"parent":0,"menu_order":0,"comment_status":"closed","ping_status":"closed","template":"","meta":{"footnotes":""},"class_list":["post-2072","page","type-page","status-publish","hentry"],"_links":{"self":[{"href":"https:\/\/mtn.com.tr\/de\/wp-json\/wp\/v2\/pages\/2072","targetHints":{"allow":["GET"]}}],"collection":[{"href":"https:\/\/mtn.com.tr\/de\/wp-json\/wp\/v2\/pages"}],"about":[{"href":"https:\/\/mtn.com.tr\/de\/wp-json\/wp\/v2\/types\/page"}],"author":[{"embeddable":true,"href":"https:\/\/mtn.com.tr\/de\/wp-json\/wp\/v2\/users\/1"}],"replies":[{"embeddable":true,"href":"https:\/\/mtn.com.tr\/de\/wp-json\/wp\/v2\/comments?post=2072"}],"version-history":[{"count":4,"href":"https:\/\/mtn.com.tr\/de\/wp-json\/wp\/v2\/pages\/2072\/revisions"}],"predecessor-version":[{"id":2076,"href":"https:\/\/mtn.com.tr\/de\/wp-json\/wp\/v2\/pages\/2072\/revisions\/2076"}],"wp:attachment":[{"href":"https:\/\/mtn.com.tr\/de\/wp-json\/wp\/v2\/media?parent=2072"}],"curies":[{"name":"wp","href":"https:\/\/api.w.org\/{rel}","templated":true}]}}