{"id":2087,"date":"2022-03-09T16:50:53","date_gmt":"2022-03-09T13:50:53","guid":{"rendered":"http:\/\/mtn.com.tr\/de\/laboratuvar-kalite-kontrol\/"},"modified":"2022-03-21T12:15:59","modified_gmt":"2022-03-21T09:15:59","slug":"labor-und-qualitaetskontrolle","status":"publish","type":"page","link":"https:\/\/mtn.com.tr\/de\/labor-und-qualitaetskontrolle\/","title":{"rendered":"LABOR und QUALIT\u00c4TSKONTROLLE"},"content":{"rendered":"\t\t<div data-elementor-type=\"wp-page\" data-elementor-id=\"2087\" class=\"elementor elementor-2087\" data-elementor-settings=\"[]\">\n\t\t\t\t\t\t\t<div class=\"elementor-section-wrap\">\n\t\t\t\t\t\t\t<section class=\"elementor-section elementor-top-section elementor-element elementor-element-bbffb96 elementor-section-boxed elementor-section-height-default elementor-section-height-default\" data-id=\"bbffb96\" data-element_type=\"section\" data-settings=\"{&quot;background_background&quot;:&quot;classic&quot;}\">\n\t\t\t\t\t\t\t<div class=\"elementor-background-overlay\"><\/div>\n\t\t\t\t\t\t\t<div class=\"elementor-container elementor-column-gap-default\">\n\t\t\t\t\t<div class=\"elementor-column elementor-col-50 elementor-top-column elementor-element elementor-element-b196f7d\" data-id=\"b196f7d\" data-element_type=\"column\">\n\t\t\t<div class=\"elementor-widget-wrap elementor-element-populated\">\n\t\t\t\t\t\t\t\t<div class=\"elementor-element elementor-element-5b0952a elementor-widget elementor-widget-heading\" data-id=\"5b0952a\" data-element_type=\"widget\" data-widget_type=\"heading.default\">\n\t\t\t\t<div class=\"elementor-widget-container\">\n\t\t\t<style>\/*! elementor - v3.5.3 - 28-12-2021 *\/\n.elementor-heading-title{padding:0;margin:0;line-height:1}.elementor-widget-heading .elementor-heading-title[class*=elementor-size-]>a{color:inherit;font-size:inherit;line-height:inherit}.elementor-widget-heading .elementor-heading-title.elementor-size-small{font-size:15px}.elementor-widget-heading .elementor-heading-title.elementor-size-medium{font-size:19px}.elementor-widget-heading .elementor-heading-title.elementor-size-large{font-size:29px}.elementor-widget-heading .elementor-heading-title.elementor-size-xl{font-size:39px}.elementor-widget-heading .elementor-heading-title.elementor-size-xxl{font-size:59px}<\/style><h1 class=\"elementor-heading-title elementor-size-default\">LABOR und QUALIT\u00c4TSKONTROLLE<\/h1>\t\t<\/div>\n\t\t\t\t<\/div>\n\t\t\t\t\t<\/div>\n\t\t<\/div>\n\t\t\t\t<div class=\"elementor-column elementor-col-50 elementor-top-column elementor-element elementor-element-cd128c4\" data-id=\"cd128c4\" data-element_type=\"column\">\n\t\t\t<div class=\"elementor-widget-wrap\">\n\t\t\t\t\t\t\t\t\t<\/div>\n\t\t<\/div>\n\t\t\t\t\t\t\t<\/div>\n\t\t<\/section>\n\t\t\t\t<section class=\"elementor-section elementor-top-section elementor-element elementor-element-1ed9456 elementor-section-boxed elementor-section-height-default elementor-section-height-default\" data-id=\"1ed9456\" data-element_type=\"section\">\n\t\t\t\t\t\t<div class=\"elementor-container elementor-column-gap-default\">\n\t\t\t\t\t<div class=\"elementor-column elementor-col-50 elementor-top-column elementor-element elementor-element-e790313\" data-id=\"e790313\" data-element_type=\"column\">\n\t\t\t<div class=\"elementor-widget-wrap elementor-element-populated\">\n\t\t\t\t\t\t\t\t<div class=\"elementor-element elementor-element-c03c287 elementor-widget elementor-widget-image\" data-id=\"c03c287\" data-element_type=\"widget\" data-widget_type=\"image.default\">\n\t\t\t\t<div class=\"elementor-widget-container\">\n\t\t\t<style>\/*! elementor - v3.5.3 - 28-12-2021 *\/\n.elementor-widget-image{text-align:center}.elementor-widget-image a{display:inline-block}.elementor-widget-image a img[src$=\".svg\"]{width:48px}.elementor-widget-image img{vertical-align:middle;display:inline-block}<\/style>\t\t\t\t\t\t\t\t\t\t\t\t<img loading=\"lazy\" decoding=\"async\" width=\"600\" height=\"343\" src=\"https:\/\/mtn.com.tr\/de\/wp-content\/uploads\/2022\/01\/olcme.jpg\" class=\"attachment-full size-full\" alt=\"\" srcset=\"https:\/\/mtn.com.tr\/de\/wp-content\/uploads\/2022\/01\/olcme.jpg 600w, https:\/\/mtn.com.tr\/de\/wp-content\/uploads\/2022\/01\/olcme-300x172.jpg 300w\" sizes=\"auto, (max-width: 600px) 100vw, 600px\" \/>\t\t\t\t\t\t\t\t\t\t\t\t\t\t\t<\/div>\n\t\t\t\t<\/div>\n\t\t\t\t\t<\/div>\n\t\t<\/div>\n\t\t\t\t<div class=\"elementor-column elementor-col-50 elementor-top-column elementor-element elementor-element-09b1385\" data-id=\"09b1385\" data-element_type=\"column\">\n\t\t\t<div class=\"elementor-widget-wrap elementor-element-populated\">\n\t\t\t\t\t\t\t\t<div class=\"elementor-element elementor-element-58cc7b2 elementor-invisible elementor-widget elementor-widget-heading\" data-id=\"58cc7b2\" data-element_type=\"widget\" data-settings=\"{&quot;_animation&quot;:&quot;fadeInUp&quot;,&quot;_animation_delay&quot;:200}\" data-widget_type=\"heading.default\">\n\t\t\t\t<div class=\"elementor-widget-container\">\n\t\t\t<h2 class=\"elementor-heading-title elementor-size-default\">LABOR und QUALIT\u00c4TSKONTROLLE<\/h2>\t\t<\/div>\n\t\t\t\t<\/div>\n\t\t\t\t<div class=\"elementor-element elementor-element-57dc6c0 elementor-widget elementor-widget-text-editor\" data-id=\"57dc6c0\" data-element_type=\"widget\" data-widget_type=\"text-editor.default\">\n\t\t\t\t<div class=\"elementor-widget-container\">\n\t\t\t<style>\/*! elementor - v3.5.3 - 28-12-2021 *\/\n.elementor-widget-text-editor.elementor-drop-cap-view-stacked .elementor-drop-cap{background-color:#818a91;color:#fff}.elementor-widget-text-editor.elementor-drop-cap-view-framed .elementor-drop-cap{color:#818a91;border:3px solid;background-color:transparent}.elementor-widget-text-editor:not(.elementor-drop-cap-view-default) .elementor-drop-cap{margin-top:8px}.elementor-widget-text-editor:not(.elementor-drop-cap-view-default) .elementor-drop-cap-letter{width:1em;height:1em}.elementor-widget-text-editor .elementor-drop-cap{float:left;text-align:center;line-height:1;font-size:50px}.elementor-widget-text-editor .elementor-drop-cap-letter{display:inline-block}<\/style>\t\t\t\t<p><strong>Qualit\u00e4tskontrolle<\/strong><br \/>Rechtzeitiges Messen und Steuern beschleunigt die Produktion. Alle Produkte in MTN Mold<\/p><p>Ma\u00dfkontrollen erfolgen nach CAD-Daten. Sie werden durch Messen und hergestellt<\/p><p>Traditionelle Messstile in MTN und Berichtstechnik auf KMG-Messmaschinen<\/p><p>oder dem Kunden pr\u00e4sentiert und dem Kunden pr\u00e4sentiert.<\/p><p>Bei Formpr\u00fcfungen nach Mess- und Bewertungsnormen werden H\u00e4rtepr\u00fcfungen, Zug-, Bruch-, Biege-, Drehmoment-, Kopffestigkeits-, Schichtdicken- und Lehrenpr\u00fcfungen durchgef\u00fchrt. Alle in unserem Werk verwendeten Ger\u00e4te werden regelm\u00e4\u00dfig von akkreditierten Institutionen kalibriert. Dank der Erfahrung, die durch die Schulungen unseres Qualit\u00e4tskontrollpersonals gewonnen wurde, wird die Produktion in jeder Phase kontrolliert und aufgezeichnet, wodurch die R\u00fcckverfolgbarkeit in unserem Qualit\u00e4tssystem gew\u00e4hrleistet ist.<\/p>\t\t\t\t\t\t<\/div>\n\t\t\t\t<\/div>\n\t\t\t\t\t<\/div>\n\t\t<\/div>\n\t\t\t\t\t\t\t<\/div>\n\t\t<\/section>\n\t\t\t\t<section class=\"elementor-section elementor-top-section elementor-element elementor-element-eb352c9 elementor-section-boxed elementor-section-height-default elementor-section-height-default\" data-id=\"eb352c9\" data-element_type=\"section\">\n\t\t\t\t\t\t<div class=\"elementor-container elementor-column-gap-default\">\n\t\t\t\t\t<div class=\"elementor-column elementor-col-50 elementor-top-column elementor-element elementor-element-d71f275\" data-id=\"d71f275\" data-element_type=\"column\">\n\t\t\t<div class=\"elementor-widget-wrap elementor-element-populated\">\n\t\t\t\t\t\t\t\t<div class=\"elementor-element elementor-element-8f3a3d8 elementor-widget elementor-widget-image\" data-id=\"8f3a3d8\" data-element_type=\"widget\" data-widget_type=\"image.default\">\n\t\t\t\t<div class=\"elementor-widget-container\">\n\t\t\t\t\t\t\t\t\t\t\t\t\t\t\t<img loading=\"lazy\" decoding=\"async\" width=\"906\" height=\"991\" src=\"https:\/\/mtn.com.tr\/de\/wp-content\/uploads\/2022\/03\/pp004.png\" class=\"attachment-full size-full\" alt=\"\" srcset=\"https:\/\/mtn.com.tr\/de\/wp-content\/uploads\/2022\/03\/pp004.png 906w, https:\/\/mtn.com.tr\/de\/wp-content\/uploads\/2022\/03\/pp004-274x300.png 274w, https:\/\/mtn.com.tr\/de\/wp-content\/uploads\/2022\/03\/pp004-768x840.png 768w\" sizes=\"auto, (max-width: 906px) 100vw, 906px\" \/>\t\t\t\t\t\t\t\t\t\t\t\t\t\t\t<\/div>\n\t\t\t\t<\/div>\n\t\t\t\t\t<\/div>\n\t\t<\/div>\n\t\t\t\t<div class=\"elementor-column elementor-col-50 elementor-top-column elementor-element elementor-element-51e790d\" data-id=\"51e790d\" data-element_type=\"column\">\n\t\t\t<div class=\"elementor-widget-wrap elementor-element-populated\">\n\t\t\t\t\t\t\t\t<div class=\"elementor-element elementor-element-e22509b elementor-widget elementor-widget-image\" data-id=\"e22509b\" data-element_type=\"widget\" data-widget_type=\"image.default\">\n\t\t\t\t<div class=\"elementor-widget-container\">\n\t\t\t\t\t\t\t\t\t\t\t\t\t\t\t<img loading=\"lazy\" decoding=\"async\" width=\"631\" height=\"919\" src=\"https:\/\/mtn.com.tr\/de\/wp-content\/uploads\/2022\/03\/pp005.png\" class=\"attachment-medium_large size-medium_large\" alt=\"\" srcset=\"https:\/\/mtn.com.tr\/de\/wp-content\/uploads\/2022\/03\/pp005.png 631w, https:\/\/mtn.com.tr\/de\/wp-content\/uploads\/2022\/03\/pp005-206x300.png 206w\" sizes=\"auto, (max-width: 631px) 100vw, 631px\" \/>\t\t\t\t\t\t\t\t\t\t\t\t\t\t\t<\/div>\n\t\t\t\t<\/div>\n\t\t\t\t\t<\/div>\n\t\t<\/div>\n\t\t\t\t\t\t\t<\/div>\n\t\t<\/section>\n\t\t\t\t\t\t<\/div>\n\t\t\t\t\t<\/div>\n\t\t","protected":false},"excerpt":{"rendered":"<p>LABOR und QUALIT\u00c4TSKONTROLLE LABOR und QUALIT\u00c4TSKONTROLLE Qualit\u00e4tskontrolleRechtzeitiges Messen und Steuern beschleunigt die Produktion. Alle Produkte in MTN Mold Ma\u00dfkontrollen erfolgen nach CAD-Daten. Sie werden durch Messen und hergestellt Traditionelle Messstile in MTN und Berichtstechnik auf KMG-Messmaschinen oder dem Kunden pr\u00e4sentiert und dem Kunden pr\u00e4sentiert. Bei Formpr\u00fcfungen nach Mess- und Bewertungsnormen werden H\u00e4rtepr\u00fcfungen, Zug-, Bruch-, Biege-, [&hellip;]<\/p>\n","protected":false},"author":1,"featured_media":0,"parent":0,"menu_order":0,"comment_status":"closed","ping_status":"closed","template":"","meta":{"footnotes":""},"class_list":["post-2087","page","type-page","status-publish","hentry"],"_links":{"self":[{"href":"https:\/\/mtn.com.tr\/de\/wp-json\/wp\/v2\/pages\/2087","targetHints":{"allow":["GET"]}}],"collection":[{"href":"https:\/\/mtn.com.tr\/de\/wp-json\/wp\/v2\/pages"}],"about":[{"href":"https:\/\/mtn.com.tr\/de\/wp-json\/wp\/v2\/types\/page"}],"author":[{"embeddable":true,"href":"https:\/\/mtn.com.tr\/de\/wp-json\/wp\/v2\/users\/1"}],"replies":[{"embeddable":true,"href":"https:\/\/mtn.com.tr\/de\/wp-json\/wp\/v2\/comments?post=2087"}],"version-history":[{"count":4,"href":"https:\/\/mtn.com.tr\/de\/wp-json\/wp\/v2\/pages\/2087\/revisions"}],"predecessor-version":[{"id":2091,"href":"https:\/\/mtn.com.tr\/de\/wp-json\/wp\/v2\/pages\/2087\/revisions\/2091"}],"wp:attachment":[{"href":"https:\/\/mtn.com.tr\/de\/wp-json\/wp\/v2\/media?parent=2087"}],"curies":[{"name":"wp","href":"https:\/\/api.w.org\/{rel}","templated":true}]}}