{"id":2092,"date":"2022-03-09T18:01:30","date_gmt":"2022-03-09T15:01:30","guid":{"rendered":"http:\/\/mtn.com.tr\/de\/satis-sonrasi-servisi\/"},"modified":"2022-03-21T12:17:05","modified_gmt":"2022-03-21T09:17:05","slug":"kundendienst","status":"publish","type":"page","link":"https:\/\/mtn.com.tr\/de\/kundendienst\/","title":{"rendered":"KUNDENDIENST"},"content":{"rendered":"\t\t<div data-elementor-type=\"wp-page\" data-elementor-id=\"2092\" class=\"elementor elementor-2092\" data-elementor-settings=\"[]\">\n\t\t\t\t\t\t\t<div class=\"elementor-section-wrap\">\n\t\t\t\t\t\t\t<section class=\"elementor-section elementor-top-section elementor-element elementor-element-6a1ed20 elementor-section-boxed elementor-section-height-default elementor-section-height-default\" data-id=\"6a1ed20\" data-element_type=\"section\" data-settings=\"{&quot;background_background&quot;:&quot;classic&quot;}\">\n\t\t\t\t\t\t\t<div class=\"elementor-background-overlay\"><\/div>\n\t\t\t\t\t\t\t<div class=\"elementor-container elementor-column-gap-default\">\n\t\t\t\t\t<div class=\"elementor-column elementor-col-50 elementor-top-column elementor-element elementor-element-fad515b\" data-id=\"fad515b\" data-element_type=\"column\">\n\t\t\t<div class=\"elementor-widget-wrap elementor-element-populated\">\n\t\t\t\t\t\t\t\t<div class=\"elementor-element elementor-element-016b892 elementor-widget elementor-widget-heading\" data-id=\"016b892\" data-element_type=\"widget\" data-widget_type=\"heading.default\">\n\t\t\t\t<div class=\"elementor-widget-container\">\n\t\t\t<style>\/*! elementor - v3.5.3 - 28-12-2021 *\/\n.elementor-heading-title{padding:0;margin:0;line-height:1}.elementor-widget-heading .elementor-heading-title[class*=elementor-size-]>a{color:inherit;font-size:inherit;line-height:inherit}.elementor-widget-heading .elementor-heading-title.elementor-size-small{font-size:15px}.elementor-widget-heading .elementor-heading-title.elementor-size-medium{font-size:19px}.elementor-widget-heading .elementor-heading-title.elementor-size-large{font-size:29px}.elementor-widget-heading .elementor-heading-title.elementor-size-xl{font-size:39px}.elementor-widget-heading .elementor-heading-title.elementor-size-xxl{font-size:59px}<\/style><h1 class=\"elementor-heading-title elementor-size-default\">KUNDENDIENST<\/h1>\t\t<\/div>\n\t\t\t\t<\/div>\n\t\t\t\t\t<\/div>\n\t\t<\/div>\n\t\t\t\t<div class=\"elementor-column elementor-col-50 elementor-top-column elementor-element elementor-element-4bc92d6\" data-id=\"4bc92d6\" data-element_type=\"column\">\n\t\t\t<div class=\"elementor-widget-wrap\">\n\t\t\t\t\t\t\t\t\t<\/div>\n\t\t<\/div>\n\t\t\t\t\t\t\t<\/div>\n\t\t<\/section>\n\t\t\t\t<section class=\"elementor-section elementor-top-section elementor-element elementor-element-d45855e elementor-section-boxed elementor-section-height-default elementor-section-height-default\" data-id=\"d45855e\" data-element_type=\"section\">\n\t\t\t\t\t\t<div class=\"elementor-container elementor-column-gap-default\">\n\t\t\t\t\t<div class=\"elementor-column elementor-col-50 elementor-top-column elementor-element elementor-element-e7f5ecb\" data-id=\"e7f5ecb\" data-element_type=\"column\">\n\t\t\t<div class=\"elementor-widget-wrap elementor-element-populated\">\n\t\t\t\t\t\t\t\t<div class=\"elementor-element elementor-element-55d1fec elementor-widget elementor-widget-image\" data-id=\"55d1fec\" data-element_type=\"widget\" data-widget_type=\"image.default\">\n\t\t\t\t<div class=\"elementor-widget-container\">\n\t\t\t<style>\/*! elementor - v3.5.3 - 28-12-2021 *\/\n.elementor-widget-image{text-align:center}.elementor-widget-image a{display:inline-block}.elementor-widget-image a img[src$=\".svg\"]{width:48px}.elementor-widget-image img{vertical-align:middle;display:inline-block}<\/style>\t\t\t\t\t\t\t\t\t\t\t\t<img loading=\"lazy\" decoding=\"async\" width=\"340\" height=\"267\" src=\"https:\/\/mtn.com.tr\/de\/wp-content\/uploads\/2022\/03\/MTN01.png\" class=\"attachment-full size-full\" alt=\"\" srcset=\"https:\/\/mtn.com.tr\/de\/wp-content\/uploads\/2022\/03\/MTN01.png 340w, https:\/\/mtn.com.tr\/de\/wp-content\/uploads\/2022\/03\/MTN01-300x236.png 300w\" sizes=\"auto, (max-width: 340px) 100vw, 340px\" \/>\t\t\t\t\t\t\t\t\t\t\t\t\t\t\t<\/div>\n\t\t\t\t<\/div>\n\t\t\t\t\t<\/div>\n\t\t<\/div>\n\t\t\t\t<div class=\"elementor-column elementor-col-50 elementor-top-column elementor-element elementor-element-c105fce\" data-id=\"c105fce\" data-element_type=\"column\">\n\t\t\t<div class=\"elementor-widget-wrap elementor-element-populated\">\n\t\t\t\t\t\t\t\t<div class=\"elementor-element elementor-element-8dbb823 elementor-invisible elementor-widget elementor-widget-heading\" data-id=\"8dbb823\" data-element_type=\"widget\" data-settings=\"{&quot;_animation&quot;:&quot;fadeInUp&quot;,&quot;_animation_delay&quot;:200}\" data-widget_type=\"heading.default\">\n\t\t\t\t<div class=\"elementor-widget-container\">\n\t\t\t<h2 class=\"elementor-heading-title elementor-size-default\">KUNDENDIENST<\/h2>\t\t<\/div>\n\t\t\t\t<\/div>\n\t\t\t\t<div class=\"elementor-element elementor-element-c855bf0 elementor-widget elementor-widget-text-editor\" data-id=\"c855bf0\" data-element_type=\"widget\" data-widget_type=\"text-editor.default\">\n\t\t\t\t<div class=\"elementor-widget-container\">\n\t\t\t<style>\/*! elementor - v3.5.3 - 28-12-2021 *\/\n.elementor-widget-text-editor.elementor-drop-cap-view-stacked .elementor-drop-cap{background-color:#818a91;color:#fff}.elementor-widget-text-editor.elementor-drop-cap-view-framed .elementor-drop-cap{color:#818a91;border:3px solid;background-color:transparent}.elementor-widget-text-editor:not(.elementor-drop-cap-view-default) .elementor-drop-cap{margin-top:8px}.elementor-widget-text-editor:not(.elementor-drop-cap-view-default) .elementor-drop-cap-letter{width:1em;height:1em}.elementor-widget-text-editor .elementor-drop-cap{float:left;text-align:center;line-height:1;font-size:50px}.elementor-widget-text-editor .elementor-drop-cap-letter{display:inline-block}<\/style>\t\t\t\t<p><strong>Service &#8211; von Anfang bis Ende Denn Ihr Erfolg ist unser Ziel. Auch nach der Lieferung Ihrer Formen sind wir immer f\u00fcr Sie da, wenn Sie uns brauchen.<\/strong><\/p><p><strong>MTN ist w\u00e4hrend der Montage- und Installationsphase immer bereit zu helfen und steht im Problemfall mit dem richtigen Rat und tatkr\u00e4ftiger Unterst\u00fctzung zur Seite.<\/strong><\/p><p>Auf diese Weise k\u00f6nnen Sie unn\u00f6tige, kostspielige Ausfallzeiten vermeiden, die sich auf die Produktion auswirken, und unser propriet\u00e4res Know-how nutzen. Unsere Unterst\u00fctzung erstreckt sich auch auf Automatisierungsprozesse.<\/p><p>Wir haben zahlreiche Partner in der Industrie, die sich mit Spritzgie\u00dfmaschinenbau, gepulster Temperierung und komfortablen K\u00fchlsystemen befassen; Wir sind \u00fcberzeugt, gemeinsam mit ihnen das passende Konzept und die ideale L\u00f6sung zu finden.<\/p>\t\t\t\t\t\t<\/div>\n\t\t\t\t<\/div>\n\t\t\t\t\t<\/div>\n\t\t<\/div>\n\t\t\t\t\t\t\t<\/div>\n\t\t<\/section>\n\t\t\t\t\t\t<\/div>\n\t\t\t\t\t<\/div>\n\t\t","protected":false},"excerpt":{"rendered":"<p>KUNDENDIENST KUNDENDIENST Service &#8211; von Anfang bis Ende Denn Ihr Erfolg ist unser Ziel. Auch nach der Lieferung Ihrer Formen sind wir immer f\u00fcr Sie da, wenn Sie uns brauchen. MTN ist w\u00e4hrend der Montage- und Installationsphase immer bereit zu helfen und steht im Problemfall mit dem richtigen Rat und tatkr\u00e4ftiger Unterst\u00fctzung zur Seite. Auf [&hellip;]<\/p>\n","protected":false},"author":1,"featured_media":0,"parent":0,"menu_order":0,"comment_status":"closed","ping_status":"closed","template":"","meta":{"footnotes":""},"class_list":["post-2092","page","type-page","status-publish","hentry"],"_links":{"self":[{"href":"https:\/\/mtn.com.tr\/de\/wp-json\/wp\/v2\/pages\/2092","targetHints":{"allow":["GET"]}}],"collection":[{"href":"https:\/\/mtn.com.tr\/de\/wp-json\/wp\/v2\/pages"}],"about":[{"href":"https:\/\/mtn.com.tr\/de\/wp-json\/wp\/v2\/types\/page"}],"author":[{"embeddable":true,"href":"https:\/\/mtn.com.tr\/de\/wp-json\/wp\/v2\/users\/1"}],"replies":[{"embeddable":true,"href":"https:\/\/mtn.com.tr\/de\/wp-json\/wp\/v2\/comments?post=2092"}],"version-history":[{"count":4,"href":"https:\/\/mtn.com.tr\/de\/wp-json\/wp\/v2\/pages\/2092\/revisions"}],"predecessor-version":[{"id":2096,"href":"https:\/\/mtn.com.tr\/de\/wp-json\/wp\/v2\/pages\/2092\/revisions\/2096"}],"wp:attachment":[{"href":"https:\/\/mtn.com.tr\/de\/wp-json\/wp\/v2\/media?parent=2092"}],"curies":[{"name":"wp","href":"https:\/\/api.w.org\/{rel}","templated":true}]}}