{"id":1928,"date":"2022-03-09T17:37:51","date_gmt":"2022-03-09T14:37:51","guid":{"rendered":"http:\/\/mtn.com.tr\/reporting\/"},"modified":"2022-12-29T13:16:21","modified_gmt":"2022-12-29T10:16:21","slug":"raporlama","status":"publish","type":"page","link":"https:\/\/mtn.com.tr\/tr\/raporlama\/","title":{"rendered":"RAPORLAMA"},"content":{"rendered":"\t\t<div data-elementor-type=\"wp-page\" data-elementor-id=\"1928\" class=\"elementor elementor-1928\" data-elementor-settings=\"[]\">\n\t\t\t\t\t\t\t<div class=\"elementor-section-wrap\">\n\t\t\t\t\t\t\t<section class=\"elementor-section elementor-top-section elementor-element elementor-element-6d08bf9 elementor-section-boxed elementor-section-height-default elementor-section-height-default\" data-id=\"6d08bf9\" data-element_type=\"section\" data-settings=\"{&quot;background_background&quot;:&quot;classic&quot;}\">\n\t\t\t\t\t\t\t<div class=\"elementor-background-overlay\"><\/div>\n\t\t\t\t\t\t\t<div class=\"elementor-container elementor-column-gap-default\">\n\t\t\t\t\t<div class=\"elementor-column elementor-col-50 elementor-top-column elementor-element elementor-element-516d961\" data-id=\"516d961\" data-element_type=\"column\">\n\t\t\t<div class=\"elementor-widget-wrap elementor-element-populated\">\n\t\t\t\t\t\t\t\t<div class=\"elementor-element elementor-element-0dac4e6 elementor-invisible elementor-widget elementor-widget-heading\" data-id=\"0dac4e6\" data-element_type=\"widget\" data-settings=\"{&quot;_animation&quot;:&quot;fadeInLeft&quot;}\" data-widget_type=\"heading.default\">\n\t\t\t\t<div class=\"elementor-widget-container\">\n\t\t\t<style>\/*! elementor - v3.5.3 - 28-12-2021 *\/\n.elementor-heading-title{padding:0;margin:0;line-height:1}.elementor-widget-heading .elementor-heading-title[class*=elementor-size-]>a{color:inherit;font-size:inherit;line-height:inherit}.elementor-widget-heading .elementor-heading-title.elementor-size-small{font-size:15px}.elementor-widget-heading .elementor-heading-title.elementor-size-medium{font-size:19px}.elementor-widget-heading .elementor-heading-title.elementor-size-large{font-size:29px}.elementor-widget-heading .elementor-heading-title.elementor-size-xl{font-size:39px}.elementor-widget-heading .elementor-heading-title.elementor-size-xxl{font-size:59px}<\/style><h1 class=\"elementor-heading-title elementor-size-large\">RAPORLAMA<\/h1>\t\t<\/div>\n\t\t\t\t<\/div>\n\t\t\t\t\t<\/div>\n\t\t<\/div>\n\t\t\t\t<div class=\"elementor-column elementor-col-50 elementor-top-column elementor-element elementor-element-88fbb1a\" data-id=\"88fbb1a\" data-element_type=\"column\">\n\t\t\t<div class=\"elementor-widget-wrap\">\n\t\t\t\t\t\t\t\t\t<\/div>\n\t\t<\/div>\n\t\t\t\t\t\t\t<\/div>\n\t\t<\/section>\n\t\t\t\t<section class=\"elementor-section elementor-top-section elementor-element elementor-element-62ea33d elementor-section-boxed elementor-section-height-default elementor-section-height-default\" data-id=\"62ea33d\" data-element_type=\"section\" data-settings=\"{&quot;background_background&quot;:&quot;classic&quot;}\">\n\t\t\t\t\t\t<div class=\"elementor-container elementor-column-gap-default\">\n\t\t\t\t\t<div class=\"elementor-column elementor-col-50 elementor-top-column elementor-element elementor-element-aa5084b\" data-id=\"aa5084b\" data-element_type=\"column\">\n\t\t\t<div class=\"elementor-widget-wrap elementor-element-populated\">\n\t\t\t\t\t\t\t\t<div class=\"elementor-element elementor-element-3154e3f elementor-invisible elementor-widget elementor-widget-heading\" data-id=\"3154e3f\" data-element_type=\"widget\" data-settings=\"{&quot;_animation&quot;:&quot;fadeInLeft&quot;,&quot;_animation_delay&quot;:200}\" data-widget_type=\"heading.default\">\n\t\t\t\t<div class=\"elementor-widget-container\">\n\t\t\t<h2 class=\"elementor-heading-title elementor-size-default\">RAPORLAMA<\/h2>\t\t<\/div>\n\t\t\t\t<\/div>\n\t\t\t\t<div class=\"elementor-element elementor-element-30c8c15 elementor-widget elementor-widget-text-editor\" data-id=\"30c8c15\" data-element_type=\"widget\" data-widget_type=\"text-editor.default\">\n\t\t\t\t<div class=\"elementor-widget-container\">\n\t\t\t<style>\/*! elementor - v3.5.3 - 28-12-2021 *\/\n.elementor-widget-text-editor.elementor-drop-cap-view-stacked .elementor-drop-cap{background-color:#818a91;color:#fff}.elementor-widget-text-editor.elementor-drop-cap-view-framed .elementor-drop-cap{color:#818a91;border:3px solid;background-color:transparent}.elementor-widget-text-editor:not(.elementor-drop-cap-view-default) .elementor-drop-cap{margin-top:8px}.elementor-widget-text-editor:not(.elementor-drop-cap-view-default) .elementor-drop-cap-letter{width:1em;height:1em}.elementor-widget-text-editor .elementor-drop-cap{float:left;text-align:center;line-height:1;font-size:50px}.elementor-widget-text-editor .elementor-drop-cap-letter{display:inline-block}<\/style>\t\t\t\t<p><strong>Tam zaman\u0131nda bir proje, ba\u015flang\u0131\u00e7ta uygun \u015fekilde yap\u0131lm\u0131\u015f bir planlaman\u0131n sonucudur.<\/strong><\/p><p>Her m\u00fc\u015fteri i\u00e7in bir FTP hesab\u0131 olu\u015fturulur ve kal\u0131p ilerleme raporlar\u0131 bu hesaba otomatik olarak kaydedilir.<\/p><p>Bu \u015fekilde m\u00fc\u015fteri Projenin her a\u015famas\u0131n\u0131 takip edebilir.<\/p><p>MTN Kal\u0131p i\u00e7in h\u0131zl\u0131 olmak, yani bir projeyi istenilen s\u00fcrede tamamlamak en \u00f6nemli konulardan biridir. \u00dcretilecek t\u00fcm kal\u0131plar belirli kurallara g\u00f6re haz\u0131rlanm\u0131\u015f bir yaz\u0131l\u0131mda programlan\u0131r.<\/p><p>Mevcut grafik ara\u00e7lar\u0131 ile iyile\u015ftirmeler do\u011fru bir \u015fekilde kontrol edilebilir ve kar\u015f\u0131la\u015ft\u0131rmalar yap\u0131labilir. Bu bilgi, gerek m\u00fc\u015fteri gerekse yap\u0131lan plan a\u00e7\u0131s\u0131ndan bir gecikme olmas\u0131 durumunda bir uyar\u0131 g\u00f6revi g\u00f6rmekte ve \u00f6nlem almam\u0131z\u0131 sa\u011flayarak \u00e7\u00f6z\u00fcm\u00fc kolayla\u015ft\u0131rmaktad\u0131r.<\/p>\t\t\t\t\t\t<\/div>\n\t\t\t\t<\/div>\n\t\t\t\t\t<\/div>\n\t\t<\/div>\n\t\t\t\t<div class=\"elementor-column elementor-col-50 elementor-top-column elementor-element elementor-element-5472b8a\" data-id=\"5472b8a\" data-element_type=\"column\">\n\t\t\t<div class=\"elementor-widget-wrap elementor-element-populated\">\n\t\t\t\t\t\t\t\t<div class=\"elementor-element elementor-element-137640e elementor-widget elementor-widget-image\" data-id=\"137640e\" data-element_type=\"widget\" data-widget_type=\"image.default\">\n\t\t\t\t<div class=\"elementor-widget-container\">\n\t\t\t<style>\/*! elementor - v3.5.3 - 28-12-2021 *\/\n.elementor-widget-image{text-align:center}.elementor-widget-image a{display:inline-block}.elementor-widget-image a img[src$=\".svg\"]{width:48px}.elementor-widget-image img{vertical-align:middle;display:inline-block}<\/style>\t\t\t\t\t\t\t\t\t\t\t\t\t<a href=\"http:\/\/mtn.com.tr\/wp-content\/uploads\/2022\/03\/P2.png\" data-elementor-open-lightbox=\"yes\" data-elementor-lightbox-title=\"P2\">\n\t\t\t\t\t\t\t<img loading=\"lazy\" decoding=\"async\" width=\"1039\" height=\"579\" src=\"https:\/\/mtn.com.tr\/tr\/wp-content\/uploads\/2022\/03\/P2.png\" class=\"attachment-full size-full\" alt=\"\" srcset=\"https:\/\/mtn.com.tr\/tr\/wp-content\/uploads\/2022\/03\/P2.png 1039w, https:\/\/mtn.com.tr\/tr\/wp-content\/uploads\/2022\/03\/P2-300x167.png 300w, https:\/\/mtn.com.tr\/tr\/wp-content\/uploads\/2022\/03\/P2-1024x571.png 1024w, https:\/\/mtn.com.tr\/tr\/wp-content\/uploads\/2022\/03\/P2-768x428.png 768w\" sizes=\"auto, (max-width: 1039px) 100vw, 1039px\" \/>\t\t\t\t\t\t\t\t<\/a>\n\t\t\t\t\t\t\t\t\t\t\t\t\t\t\t<\/div>\n\t\t\t\t<\/div>\n\t\t\t\t<section class=\"elementor-section elementor-inner-section elementor-element elementor-element-3d02b2f elementor-section-boxed elementor-section-height-default elementor-section-height-default\" data-id=\"3d02b2f\" data-element_type=\"section\" data-settings=\"{&quot;background_background&quot;:&quot;classic&quot;}\">\n\t\t\t\t\t\t<div class=\"elementor-container elementor-column-gap-default\">\n\t\t\t\t\t<div class=\"elementor-column elementor-col-100 elementor-inner-column elementor-element elementor-element-74369ab\" data-id=\"74369ab\" data-element_type=\"column\">\n\t\t\t<div class=\"elementor-widget-wrap elementor-element-populated\">\n\t\t\t\t\t\t\t\t<div class=\"elementor-element elementor-element-27ad78d elementor-widget elementor-widget-text-editor\" data-id=\"27ad78d\" data-element_type=\"widget\" data-widget_type=\"text-editor.default\">\n\t\t\t\t<div class=\"elementor-widget-container\">\n\t\t\t\t\t\t\t<p>Tam zaman\u0131nda proje, ba\u015flang\u0131\u00e7ta do\u011fru yap\u0131lm\u0131\u015f bir plan\u0131n sonucudur.<\/p><p>Her m\u00fc\u015fteri i\u00e7in bir FTP hesab\u0131 olu\u015fturulur ve kal\u0131p ilerleme raporlar\u0131 bu hesaba otomatik olarak kaydedilir.<\/p><p>\u0130htiyaca ba\u011fl\u0131 olarak, dijital resim, ger\u00e7ek zamanl\u0131 filmler vb.&#8217;nin her ad\u0131m\u0131na sahip kal\u0131p par\u00e7alar\u0131 i\u00e7in g\u00f6r\u00fclebilir.<\/p>\t\t\t\t\t\t<\/div>\n\t\t\t\t<\/div>\n\t\t\t\t\t<\/div>\n\t\t<\/div>\n\t\t\t\t\t\t\t<\/div>\n\t\t<\/section>\n\t\t\t\t\t<\/div>\n\t\t<\/div>\n\t\t\t\t\t\t\t<\/div>\n\t\t<\/section>\n\t\t\t\t\t\t<\/div>\n\t\t\t\t\t<\/div>\n\t\t","protected":false},"excerpt":{"rendered":"<p>RAPORLAMA RAPORLAMA Tam zaman\u0131nda bir proje, ba\u015flang\u0131\u00e7ta uygun \u015fekilde yap\u0131lm\u0131\u015f bir planlaman\u0131n sonucudur. Her m\u00fc\u015fteri i\u00e7in bir FTP hesab\u0131 olu\u015fturulur ve kal\u0131p ilerleme raporlar\u0131 bu hesaba otomatik olarak kaydedilir. Bu \u015fekilde m\u00fc\u015fteri Projenin her a\u015famas\u0131n\u0131 takip edebilir. MTN Kal\u0131p i\u00e7in h\u0131zl\u0131 olmak, yani bir projeyi istenilen s\u00fcrede tamamlamak en \u00f6nemli konulardan biridir. \u00dcretilecek t\u00fcm kal\u0131plar [&hellip;]<\/p>\n","protected":false},"author":1,"featured_media":0,"parent":0,"menu_order":0,"comment_status":"closed","ping_status":"closed","template":"","meta":{"footnotes":""},"class_list":["post-1928","page","type-page","status-publish","hentry"],"_links":{"self":[{"href":"https:\/\/mtn.com.tr\/tr\/wp-json\/wp\/v2\/pages\/1928","targetHints":{"allow":["GET"]}}],"collection":[{"href":"https:\/\/mtn.com.tr\/tr\/wp-json\/wp\/v2\/pages"}],"about":[{"href":"https:\/\/mtn.com.tr\/tr\/wp-json\/wp\/v2\/types\/page"}],"author":[{"embeddable":true,"href":"https:\/\/mtn.com.tr\/tr\/wp-json\/wp\/v2\/users\/1"}],"replies":[{"embeddable":true,"href":"https:\/\/mtn.com.tr\/tr\/wp-json\/wp\/v2\/comments?post=1928"}],"version-history":[{"count":10,"href":"https:\/\/mtn.com.tr\/tr\/wp-json\/wp\/v2\/pages\/1928\/revisions"}],"predecessor-version":[{"id":3052,"href":"https:\/\/mtn.com.tr\/tr\/wp-json\/wp\/v2\/pages\/1928\/revisions\/3052"}],"wp:attachment":[{"href":"https:\/\/mtn.com.tr\/tr\/wp-json\/wp\/v2\/media?parent=1928"}],"curies":[{"name":"wp","href":"https:\/\/api.w.org\/{rel}","templated":true}]}}