{"id":1949,"date":"2022-03-09T16:51:32","date_gmt":"2022-03-09T13:51:32","guid":{"rendered":"http:\/\/mtn.com.tr\/injection\/"},"modified":"2022-12-29T13:19:20","modified_gmt":"2022-12-29T10:19:20","slug":"enjeksiyon","status":"publish","type":"page","link":"https:\/\/mtn.com.tr\/tr\/enjeksiyon\/","title":{"rendered":"ENJEKS\u0130YON"},"content":{"rendered":"\t\t<div data-elementor-type=\"wp-page\" data-elementor-id=\"1949\" class=\"elementor elementor-1949\" data-elementor-settings=\"[]\">\n\t\t\t\t\t\t\t<div class=\"elementor-section-wrap\">\n\t\t\t\t\t\t\t<section class=\"elementor-section elementor-top-section elementor-element elementor-element-18a2560 elementor-section-boxed elementor-section-height-default elementor-section-height-default\" data-id=\"18a2560\" data-element_type=\"section\" data-settings=\"{&quot;background_background&quot;:&quot;classic&quot;}\">\n\t\t\t\t\t\t\t<div class=\"elementor-background-overlay\"><\/div>\n\t\t\t\t\t\t\t<div class=\"elementor-container elementor-column-gap-default\">\n\t\t\t\t\t<div class=\"elementor-column elementor-col-50 elementor-top-column elementor-element elementor-element-1a90837\" data-id=\"1a90837\" data-element_type=\"column\">\n\t\t\t<div class=\"elementor-widget-wrap elementor-element-populated\">\n\t\t\t\t\t\t\t\t<div class=\"elementor-element elementor-element-8f6abd1 elementor-invisible elementor-widget elementor-widget-heading\" data-id=\"8f6abd1\" data-element_type=\"widget\" data-settings=\"{&quot;_animation&quot;:&quot;fadeInLeft&quot;}\" data-widget_type=\"heading.default\">\n\t\t\t\t<div class=\"elementor-widget-container\">\n\t\t\t<style>\/*! elementor - v3.5.3 - 28-12-2021 *\/\n.elementor-heading-title{padding:0;margin:0;line-height:1}.elementor-widget-heading .elementor-heading-title[class*=elementor-size-]>a{color:inherit;font-size:inherit;line-height:inherit}.elementor-widget-heading .elementor-heading-title.elementor-size-small{font-size:15px}.elementor-widget-heading .elementor-heading-title.elementor-size-medium{font-size:19px}.elementor-widget-heading .elementor-heading-title.elementor-size-large{font-size:29px}.elementor-widget-heading .elementor-heading-title.elementor-size-xl{font-size:39px}.elementor-widget-heading .elementor-heading-title.elementor-size-xxl{font-size:59px}<\/style><h1 class=\"elementor-heading-title elementor-size-large\">DENEME<\/h1>\t\t<\/div>\n\t\t\t\t<\/div>\n\t\t\t\t\t<\/div>\n\t\t<\/div>\n\t\t\t\t<div class=\"elementor-column elementor-col-50 elementor-top-column elementor-element elementor-element-1df7bd1\" data-id=\"1df7bd1\" data-element_type=\"column\">\n\t\t\t<div class=\"elementor-widget-wrap\">\n\t\t\t\t\t\t\t\t\t<\/div>\n\t\t<\/div>\n\t\t\t\t\t\t\t<\/div>\n\t\t<\/section>\n\t\t\t\t<section class=\"elementor-section elementor-top-section elementor-element elementor-element-b6ad742 elementor-section-boxed elementor-section-height-default elementor-section-height-default\" data-id=\"b6ad742\" data-element_type=\"section\">\n\t\t\t\t\t\t<div class=\"elementor-container elementor-column-gap-default\">\n\t\t\t\t\t<div class=\"elementor-column elementor-col-50 elementor-top-column elementor-element elementor-element-99fdad2\" data-id=\"99fdad2\" data-element_type=\"column\">\n\t\t\t<div class=\"elementor-widget-wrap elementor-element-populated\">\n\t\t\t\t\t\t\t\t<div class=\"elementor-element elementor-element-480058c elementor-widget elementor-widget-image\" data-id=\"480058c\" data-element_type=\"widget\" data-widget_type=\"image.default\">\n\t\t\t\t<div class=\"elementor-widget-container\">\n\t\t\t<style>\/*! elementor - v3.5.3 - 28-12-2021 *\/\n.elementor-widget-image{text-align:center}.elementor-widget-image a{display:inline-block}.elementor-widget-image a img[src$=\".svg\"]{width:48px}.elementor-widget-image img{vertical-align:middle;display:inline-block}<\/style>\t\t\t\t\t\t\t\t\t\t\t\t\t<a href=\"http:\/\/mtn.com.tr\/wp-content\/uploads\/2022\/03\/1-1-scaled-1.jpg\" data-elementor-open-lightbox=\"yes\" data-elementor-lightbox-title=\"1-1-scaled\">\n\t\t\t\t\t\t\t<img loading=\"lazy\" decoding=\"async\" width=\"2560\" height=\"1707\" src=\"https:\/\/mtn.com.tr\/tr\/wp-content\/uploads\/2022\/03\/1-1-scaled-1.jpg\" class=\"attachment-full size-full\" alt=\"\" srcset=\"https:\/\/mtn.com.tr\/tr\/wp-content\/uploads\/2022\/03\/1-1-scaled-1.jpg 2560w, https:\/\/mtn.com.tr\/tr\/wp-content\/uploads\/2022\/03\/1-1-scaled-1-300x200.jpg 300w, https:\/\/mtn.com.tr\/tr\/wp-content\/uploads\/2022\/03\/1-1-scaled-1-1024x683.jpg 1024w, https:\/\/mtn.com.tr\/tr\/wp-content\/uploads\/2022\/03\/1-1-scaled-1-768x512.jpg 768w, https:\/\/mtn.com.tr\/tr\/wp-content\/uploads\/2022\/03\/1-1-scaled-1-1536x1024.jpg 1536w, https:\/\/mtn.com.tr\/tr\/wp-content\/uploads\/2022\/03\/1-1-scaled-1-2048x1366.jpg 2048w\" sizes=\"auto, (max-width: 2560px) 100vw, 2560px\" \/>\t\t\t\t\t\t\t\t<\/a>\n\t\t\t\t\t\t\t\t\t\t\t\t\t\t\t<\/div>\n\t\t\t\t<\/div>\n\t\t\t\t<div class=\"elementor-element elementor-element-7ca13a0 elementor-widget elementor-widget-image\" data-id=\"7ca13a0\" data-element_type=\"widget\" data-widget_type=\"image.default\">\n\t\t\t\t<div class=\"elementor-widget-container\">\n\t\t\t\t\t\t\t\t\t\t\t\t\t\t\t\t<a href=\"http:\/\/mtn.com.tr\/wp-content\/uploads\/2022\/03\/9-scaled-2.jpg\" data-elementor-open-lightbox=\"yes\" data-elementor-lightbox-title=\"9-scaled\">\n\t\t\t\t\t\t\t<img loading=\"lazy\" decoding=\"async\" width=\"2560\" height=\"1267\" src=\"https:\/\/mtn.com.tr\/tr\/wp-content\/uploads\/2022\/03\/9-scaled-2.jpg\" class=\"attachment-full size-full\" alt=\"\" srcset=\"https:\/\/mtn.com.tr\/tr\/wp-content\/uploads\/2022\/03\/9-scaled-2.jpg 2560w, https:\/\/mtn.com.tr\/tr\/wp-content\/uploads\/2022\/03\/9-scaled-2-300x148.jpg 300w, https:\/\/mtn.com.tr\/tr\/wp-content\/uploads\/2022\/03\/9-scaled-2-1024x507.jpg 1024w, https:\/\/mtn.com.tr\/tr\/wp-content\/uploads\/2022\/03\/9-scaled-2-768x380.jpg 768w, https:\/\/mtn.com.tr\/tr\/wp-content\/uploads\/2022\/03\/9-scaled-2-1536x760.jpg 1536w, https:\/\/mtn.com.tr\/tr\/wp-content\/uploads\/2022\/03\/9-scaled-2-2048x1014.jpg 2048w\" sizes=\"auto, (max-width: 2560px) 100vw, 2560px\" \/>\t\t\t\t\t\t\t\t<\/a>\n\t\t\t\t\t\t\t\t\t\t\t\t\t\t\t<\/div>\n\t\t\t\t<\/div>\n\t\t\t\t\t<\/div>\n\t\t<\/div>\n\t\t\t\t<div class=\"elementor-column elementor-col-50 elementor-top-column elementor-element elementor-element-c25df02\" data-id=\"c25df02\" data-element_type=\"column\">\n\t\t\t<div class=\"elementor-widget-wrap elementor-element-populated\">\n\t\t\t\t\t\t\t\t<div class=\"elementor-element elementor-element-36df957 elementor-invisible elementor-widget elementor-widget-heading\" data-id=\"36df957\" data-element_type=\"widget\" data-settings=\"{&quot;_animation&quot;:&quot;fadeInLeft&quot;,&quot;_animation_delay&quot;:200}\" data-widget_type=\"heading.default\">\n\t\t\t\t<div class=\"elementor-widget-container\">\n\t\t\t<h2 class=\"elementor-heading-title elementor-size-default\">DENEME<\/h2>\t\t<\/div>\n\t\t\t\t<\/div>\n\t\t\t\t<div class=\"elementor-element elementor-element-a0ecfca elementor-widget elementor-widget-text-editor\" data-id=\"a0ecfca\" data-element_type=\"widget\" data-widget_type=\"text-editor.default\">\n\t\t\t\t<div class=\"elementor-widget-container\">\n\t\t\t<style>\/*! elementor - v3.5.3 - 28-12-2021 *\/\n.elementor-widget-text-editor.elementor-drop-cap-view-stacked .elementor-drop-cap{background-color:#818a91;color:#fff}.elementor-widget-text-editor.elementor-drop-cap-view-framed .elementor-drop-cap{color:#818a91;border:3px solid;background-color:transparent}.elementor-widget-text-editor:not(.elementor-drop-cap-view-default) .elementor-drop-cap{margin-top:8px}.elementor-widget-text-editor:not(.elementor-drop-cap-view-default) .elementor-drop-cap-letter{width:1em;height:1em}.elementor-widget-text-editor .elementor-drop-cap{float:left;text-align:center;line-height:1;font-size:50px}.elementor-widget-text-editor .elementor-drop-cap-letter{display:inline-block}<\/style>\t\t\t\t<p><strong>Sonucu belirleme zaman\u0131.<\/strong><\/p><p>MTN, \u00fcretti\u011fi kal\u0131plar\u0131n testlerini kendi b\u00fcnyesinde ger\u00e7ekle\u015ftirmektedir. Bu kal\u0131plar \u00e7e\u015fitli kapasite ve boyutlarda deneme enjeksiyonlar\u0131nda seri \u00fcretime uygun ko\u015fullar alt\u0131nda test edilir. Yap\u0131lan her deneme i\u00e7in firmam\u0131z taraf\u0131ndan raporlar haz\u0131rlanmaktad\u0131r. Yap\u0131lan denemeler ve haz\u0131rlanan raporlar firmam\u0131za \u00f6nemli tecr\u00fcbeler kazand\u0131rm\u0131\u015ft\u0131r.<\/p><p>M\u00fc\u015fterinin par\u00e7alarla ilgili onay\u0131 al\u0131nd\u0131ktan sonra m\u00fc\u015fteri, kal\u0131b\u0131n \u00e7al\u0131\u015fma sistemini g\u00f6stermeye ve gerekli t\u00fcm bilgileri vermeye davet edilir. Gerekirse belirli bir miktara kadar \u00f6n seri \u00fcretim de yap\u0131l\u0131r.<\/p><p>\u0130\u015flemin ba\u015far\u0131l\u0131 bir \u015fekilde tamamlan\u0131p tamamlanmad\u0131\u011f\u0131na dair nihai karar, \u00fcretim a\u015famas\u0131 tamamland\u0131ktan ve kal\u0131p haz\u0131rland\u0131ktan sonra hammadde ile yap\u0131lan iz s\u0131ras\u0131nda al\u0131n\u0131r.<\/p><p>Kal\u0131plar\u0131n boyutlar\u0131n\u0131 ve d\u00fczg\u00fcn \u00e7al\u0131\u015f\u0131p \u00e7al\u0131\u015fmad\u0131\u011f\u0131n\u0131 kontrol etmek i\u00e7in tesislerimizde uygun enjeksiyon makinelerinde bir deneme yap\u0131l\u0131r.<\/p>\t\t\t\t\t\t<\/div>\n\t\t\t\t<\/div>\n\t\t\t\t\t<\/div>\n\t\t<\/div>\n\t\t\t\t\t\t\t<\/div>\n\t\t<\/section>\n\t\t\t\t\t\t<\/div>\n\t\t\t\t\t<\/div>\n\t\t","protected":false},"excerpt":{"rendered":"<p>DENEME DENEME Sonucu belirleme zaman\u0131. MTN, \u00fcretti\u011fi kal\u0131plar\u0131n testlerini kendi b\u00fcnyesinde ger\u00e7ekle\u015ftirmektedir. Bu kal\u0131plar \u00e7e\u015fitli kapasite ve boyutlarda deneme enjeksiyonlar\u0131nda seri \u00fcretime uygun ko\u015fullar alt\u0131nda test edilir. Yap\u0131lan her deneme i\u00e7in firmam\u0131z taraf\u0131ndan raporlar haz\u0131rlanmaktad\u0131r. Yap\u0131lan denemeler ve haz\u0131rlanan raporlar firmam\u0131za \u00f6nemli tecr\u00fcbeler kazand\u0131rm\u0131\u015ft\u0131r. M\u00fc\u015fterinin par\u00e7alarla ilgili onay\u0131 al\u0131nd\u0131ktan sonra m\u00fc\u015fteri, kal\u0131b\u0131n \u00e7al\u0131\u015fma sistemini g\u00f6stermeye [&hellip;]<\/p>\n","protected":false},"author":1,"featured_media":0,"parent":0,"menu_order":0,"comment_status":"closed","ping_status":"closed","template":"","meta":{"footnotes":""},"class_list":["post-1949","page","type-page","status-publish","hentry"],"_links":{"self":[{"href":"https:\/\/mtn.com.tr\/tr\/wp-json\/wp\/v2\/pages\/1949","targetHints":{"allow":["GET"]}}],"collection":[{"href":"https:\/\/mtn.com.tr\/tr\/wp-json\/wp\/v2\/pages"}],"about":[{"href":"https:\/\/mtn.com.tr\/tr\/wp-json\/wp\/v2\/types\/page"}],"author":[{"embeddable":true,"href":"https:\/\/mtn.com.tr\/tr\/wp-json\/wp\/v2\/users\/1"}],"replies":[{"embeddable":true,"href":"https:\/\/mtn.com.tr\/tr\/wp-json\/wp\/v2\/comments?post=1949"}],"version-history":[{"count":16,"href":"https:\/\/mtn.com.tr\/tr\/wp-json\/wp\/v2\/pages\/1949\/revisions"}],"predecessor-version":[{"id":3064,"href":"https:\/\/mtn.com.tr\/tr\/wp-json\/wp\/v2\/pages\/1949\/revisions\/3064"}],"wp:attachment":[{"href":"https:\/\/mtn.com.tr\/tr\/wp-json\/wp\/v2\/media?parent=1949"}],"curies":[{"name":"wp","href":"https:\/\/api.w.org\/{rel}","templated":true}]}}