{"id":1964,"date":"2022-01-25T17:41:01","date_gmt":"2022-01-25T14:41:01","guid":{"rendered":"http:\/\/mtn.com.tr\/news\/"},"modified":"2022-12-29T13:25:54","modified_gmt":"2022-12-29T10:25:54","slug":"haberler","status":"publish","type":"page","link":"https:\/\/mtn.com.tr\/tr\/haberler\/","title":{"rendered":"Haberler"},"content":{"rendered":"\t\t<div data-elementor-type=\"wp-page\" data-elementor-id=\"1964\" class=\"elementor elementor-1964\" data-elementor-settings=\"[]\">\n\t\t\t\t\t\t\t<div class=\"elementor-section-wrap\">\n\t\t\t\t\t\t\t<section class=\"elementor-section elementor-top-section elementor-element elementor-element-57ff3204 elementor-section-boxed elementor-section-height-default elementor-section-height-default\" data-id=\"57ff3204\" data-element_type=\"section\" data-settings=\"{&quot;background_background&quot;:&quot;classic&quot;}\">\n\t\t\t\t\t\t\t<div class=\"elementor-background-overlay\"><\/div>\n\t\t\t\t\t\t\t<div class=\"elementor-container elementor-column-gap-default\">\n\t\t\t\t\t<div class=\"elementor-column elementor-col-50 elementor-top-column elementor-element elementor-element-2f53be36\" data-id=\"2f53be36\" data-element_type=\"column\">\n\t\t\t<div class=\"elementor-widget-wrap elementor-element-populated\">\n\t\t\t\t\t\t\t\t<div class=\"elementor-element elementor-element-4b7377e elementor-invisible elementor-widget elementor-widget-heading\" data-id=\"4b7377e\" data-element_type=\"widget\" data-settings=\"{&quot;_animation&quot;:&quot;fadeInLeft&quot;}\" data-widget_type=\"heading.default\">\n\t\t\t\t<div class=\"elementor-widget-container\">\n\t\t\t<style>\/*! elementor - v3.5.3 - 28-12-2021 *\/\n.elementor-heading-title{padding:0;margin:0;line-height:1}.elementor-widget-heading .elementor-heading-title[class*=elementor-size-]>a{color:inherit;font-size:inherit;line-height:inherit}.elementor-widget-heading .elementor-heading-title.elementor-size-small{font-size:15px}.elementor-widget-heading .elementor-heading-title.elementor-size-medium{font-size:19px}.elementor-widget-heading .elementor-heading-title.elementor-size-large{font-size:29px}.elementor-widget-heading .elementor-heading-title.elementor-size-xl{font-size:39px}.elementor-widget-heading .elementor-heading-title.elementor-size-xxl{font-size:59px}<\/style><h1 class=\"elementor-heading-title elementor-size-large\">HABERLER<\/h1>\t\t<\/div>\n\t\t\t\t<\/div>\n\t\t\t\t\t<\/div>\n\t\t<\/div>\n\t\t\t\t<div class=\"elementor-column elementor-col-50 elementor-top-column elementor-element elementor-element-38179103\" data-id=\"38179103\" data-element_type=\"column\">\n\t\t\t<div class=\"elementor-widget-wrap\">\n\t\t\t\t\t\t\t\t\t<\/div>\n\t\t<\/div>\n\t\t\t\t\t\t\t<\/div>\n\t\t<\/section>\n\t\t\t\t<section class=\"elementor-section elementor-top-section elementor-element elementor-element-68b5610c elementor-section-boxed elementor-section-height-default elementor-section-height-default\" data-id=\"68b5610c\" data-element_type=\"section\" data-settings=\"{&quot;background_background&quot;:&quot;classic&quot;}\">\n\t\t\t\t\t\t<div class=\"elementor-container elementor-column-gap-default\">\n\t\t\t\t\t<div class=\"elementor-column elementor-col-100 elementor-top-column elementor-element elementor-element-11134f1\" data-id=\"11134f1\" data-element_type=\"column\">\n\t\t\t<div class=\"elementor-widget-wrap elementor-element-populated\">\n\t\t\t\t\t\t\t\t<div class=\"elementor-element elementor-element-6803b1dc elementor-widget elementor-widget-heading\" data-id=\"6803b1dc\" data-element_type=\"widget\" data-widget_type=\"heading.default\">\n\t\t\t\t<div class=\"elementor-widget-container\">\n\t\t\t<h2 class=\"elementor-heading-title elementor-size-default\">HABERLER<\/h2>\t\t<\/div>\n\t\t\t\t<\/div>\n\t\t\t\t<div class=\"elementor-element elementor-element-36ec31c7 elementor-widget elementor-widget-spacer\" data-id=\"36ec31c7\" data-element_type=\"widget\" data-widget_type=\"spacer.default\">\n\t\t\t\t<div class=\"elementor-widget-container\">\n\t\t\t\t\t<div class=\"elementor-spacer\">\n\t\t\t<div class=\"elementor-spacer-inner\"><\/div>\n\t\t<\/div>\n\t\t\t\t<\/div>\n\t\t\t\t<\/div>\n\t\t\t\t\t<\/div>\n\t\t<\/div>\n\t\t\t\t\t\t\t<\/div>\n\t\t<\/section>\n\t\t\t\t<section class=\"elementor-section elementor-top-section elementor-element elementor-element-1a6eeb8 elementor-section-boxed elementor-section-height-default elementor-section-height-default\" data-id=\"1a6eeb8\" data-element_type=\"section\">\n\t\t\t\t\t\t<div class=\"elementor-container elementor-column-gap-default\">\n\t\t\t\t\t<div class=\"elementor-column elementor-col-100 elementor-top-column elementor-element elementor-element-81db9a4\" data-id=\"81db9a4\" data-element_type=\"column\">\n\t\t\t<div class=\"elementor-widget-wrap elementor-element-populated\">\n\t\t\t\t\t\t\t\t<div class=\"elementor-element elementor-element-b369790 elementor-grid-3 elementor-grid-tablet-2 elementor-grid-mobile-1 elementor-posts--thumbnail-top load-more-align-center elementor-widget elementor-widget-posts\" data-id=\"b369790\" data-element_type=\"widget\" data-settings=\"{&quot;pagination_type&quot;:&quot;load_more_on_click&quot;,&quot;classic_columns&quot;:&quot;3&quot;,&quot;classic_columns_tablet&quot;:&quot;2&quot;,&quot;classic_columns_mobile&quot;:&quot;1&quot;,&quot;classic_row_gap&quot;:{&quot;unit&quot;:&quot;px&quot;,&quot;size&quot;:35,&quot;sizes&quot;:[]},&quot;classic_row_gap_tablet&quot;:{&quot;unit&quot;:&quot;px&quot;,&quot;size&quot;:&quot;&quot;,&quot;sizes&quot;:[]},&quot;classic_row_gap_mobile&quot;:{&quot;unit&quot;:&quot;px&quot;,&quot;size&quot;:&quot;&quot;,&quot;sizes&quot;:[]},&quot;load_more_spinner&quot;:{&quot;value&quot;:&quot;fas fa-spinner&quot;,&quot;library&quot;:&quot;fa-solid&quot;}}\" data-widget_type=\"posts.classic\">\n\t\t\t\t<div class=\"elementor-widget-container\">\n\t\t\t<link rel=\"stylesheet\" href=\"https:\/\/mtn.com.tr\/tr\/wp-content\/plugins\/elementor-pro\/assets\/css\/widget-posts.min.css\">\t\t<div class=\"elementor-posts-container elementor-posts elementor-posts--skin-classic elementor-grid\">\n\t\t\t\t<article class=\"elementor-post elementor-grid-item post-3259 post type-post status-publish format-standard has-post-thumbnail hentry category-mtn-news\">\n\t\t\t\t<a class=\"elementor-post__thumbnail__link\" href=\"https:\/\/mtn.com.tr\/tr\/mtn-2024-yeni-yil-kutlamasi\/\" >\n\t\t\t<div class=\"elementor-post__thumbnail\"><img loading=\"lazy\" decoding=\"async\" width=\"768\" height=\"576\" src=\"https:\/\/mtn.com.tr\/tr\/wp-content\/uploads\/2024\/01\/1703861243139-768x576.jpg\" class=\"attachment-medium_large size-medium_large\" alt=\"\" \/><\/div>\n\t\t<\/a>\n\t\t\t\t<div class=\"elementor-post__text\">\n\t\t\t\t<h3 class=\"elementor-post__title\">\n\t\t\t<a href=\"https:\/\/mtn.com.tr\/tr\/mtn-2024-yeni-yil-kutlamasi\/\" >\n\t\t\t\tMTN 2024 Yeni Y\u0131l Kutlamas\u0131\t\t\t<\/a>\n\t\t<\/h3>\n\t\t\t\t<div class=\"elementor-post__meta-data\">\n\t\t\t\t\t<span class=\"elementor-post-date\">\n\t\t\t30 Aral\u0131k 2023\t\t<\/span>\n\t\t\t\t<\/div>\n\t\t\t\t<div class=\"elementor-post__excerpt\">\n\t\t\t<p>MTN 2024 Yeni Y\u0131l Kutlamas\u0131 We came together with our colleagues at our New Year&#8217;s event, with the participation of our Chairman of the Board<\/p>\n\t\t<\/div>\n\t\t\t\t\t<a class=\"elementor-post__read-more\" href=\"https:\/\/mtn.com.tr\/tr\/mtn-2024-yeni-yil-kutlamasi\/\" >\n\t\t\t\tDevam\u0131n\u0131 Oku \u00bb\t\t\t<\/a>\n\t\t\t\t<\/div>\n\t\t\t\t<\/article>\n\t\t\t\t<article class=\"elementor-post elementor-grid-item post-3271 post type-post status-publish format-standard has-post-thumbnail hentry category-mtn-news\">\n\t\t\t\t<a class=\"elementor-post__thumbnail__link\" href=\"https:\/\/mtn.com.tr\/tr\/2023-yili-son-ihracatimiz\/\" >\n\t\t\t<div class=\"elementor-post__thumbnail\"><img loading=\"lazy\" decoding=\"async\" width=\"768\" height=\"495\" src=\"https:\/\/mtn.com.tr\/tr\/wp-content\/uploads\/2024\/01\/46-768x495.jpg\" class=\"attachment-medium_large size-medium_large\" alt=\"\" \/><\/div>\n\t\t<\/a>\n\t\t\t\t<div class=\"elementor-post__text\">\n\t\t\t\t<h3 class=\"elementor-post__title\">\n\t\t\t<a href=\"https:\/\/mtn.com.tr\/tr\/2023-yili-son-ihracatimiz\/\" >\n\t\t\t\t2023 Y\u0131l\u0131 Son \u0130hracat\u0131m\u0131z\t\t\t<\/a>\n\t\t<\/h3>\n\t\t\t\t<div class=\"elementor-post__meta-data\">\n\t\t\t\t\t<span class=\"elementor-post-date\">\n\t\t\t28 Aral\u0131k 2023\t\t<\/span>\n\t\t\t\t<\/div>\n\t\t\t\t<div class=\"elementor-post__excerpt\">\n\t\t\t<p>2023 Y\u0131l\u0131 Son \u0130hracat\u0131m\u0131z 2023 y\u0131l\u0131n\u0131 son ihracat\u0131m\u0131z ile tamamlam\u0131\u015f olman\u0131n mutlulu\u011funu ya\u015f\u0131yoruz.Proje s\u00fcrecinde eme\u011fi ve deste\u011fi bulunan t\u00fcm \u00e7al\u0131\u015fma arkada\u015flar\u0131m\u0131za te\u015fekk\u00fcr ederiz.Yeni y\u0131lda bir\u00e7ok<\/p>\n\t\t<\/div>\n\t\t\t\t\t<a class=\"elementor-post__read-more\" href=\"https:\/\/mtn.com.tr\/tr\/2023-yili-son-ihracatimiz\/\" >\n\t\t\t\tDevam\u0131n\u0131 Oku \u00bb\t\t\t<\/a>\n\t\t\t\t<\/div>\n\t\t\t\t<\/article>\n\t\t\t\t<article class=\"elementor-post elementor-grid-item post-3221 post type-post status-publish format-standard has-post-thumbnail hentry category-mtn-news\">\n\t\t\t\t<a class=\"elementor-post__thumbnail__link\" href=\"https:\/\/mtn.com.tr\/tr\/fakuma-2023\/\" >\n\t\t\t<div class=\"elementor-post__thumbnail\"><img loading=\"lazy\" decoding=\"async\" width=\"768\" height=\"576\" src=\"https:\/\/mtn.com.tr\/tr\/wp-content\/uploads\/2023\/10\/WhatsApp-Image-2023-10-24-at-15.56.30-1-768x576.jpeg\" class=\"attachment-medium_large size-medium_large\" alt=\"\" \/><\/div>\n\t\t<\/a>\n\t\t\t\t<div class=\"elementor-post__text\">\n\t\t\t\t<h3 class=\"elementor-post__title\">\n\t\t\t<a href=\"https:\/\/mtn.com.tr\/tr\/fakuma-2023\/\" >\n\t\t\t\tFakuma 2023\t\t\t<\/a>\n\t\t<\/h3>\n\t\t\t\t<div class=\"elementor-post__meta-data\">\n\t\t\t\t\t<span class=\"elementor-post-date\">\n\t\t\t24 Ekim 2023\t\t<\/span>\n\t\t\t\t<\/div>\n\t\t\t\t<div class=\"elementor-post__excerpt\">\n\t\t\t<p>Fakuma 2023 28. Fakuma fuar\u0131nda bizi ziyaret eden t\u00fcm ziyaret\u00e7ilerimize te\u015fekk\u00fcr ederiz. Yeniliklerimizi ve teknolojilerimizi payla\u015fma ve yeni projelerde de\u011ferlendirme f\u0131rsat\u0131 bulduk.\u00dclkemiz ve sekt\u00f6r\u00fcm\u00fcz i\u00e7in<\/p>\n\t\t<\/div>\n\t\t\t\t\t<a class=\"elementor-post__read-more\" href=\"https:\/\/mtn.com.tr\/tr\/fakuma-2023\/\" >\n\t\t\t\tDevam\u0131n\u0131 Oku \u00bb\t\t\t<\/a>\n\t\t\t\t<\/div>\n\t\t\t\t<\/article>\n\t\t\t\t<article class=\"elementor-post elementor-grid-item post-3191 post type-post status-publish format-standard has-post-thumbnail hentry category-mtn-news\">\n\t\t\t\t<a class=\"elementor-post__thumbnail__link\" href=\"https:\/\/mtn.com.tr\/tr\/28-fakuma-fuari\/\" >\n\t\t\t<div class=\"elementor-post__thumbnail\"><img loading=\"lazy\" decoding=\"async\" width=\"768\" height=\"432\" src=\"https:\/\/mtn.com.tr\/tr\/wp-content\/uploads\/2023\/10\/Fakuma-Davet-Final-Tasarim-768x432.png\" class=\"attachment-medium_large size-medium_large\" alt=\"\" \/><\/div>\n\t\t<\/a>\n\t\t\t\t<div class=\"elementor-post__text\">\n\t\t\t\t<h3 class=\"elementor-post__title\">\n\t\t\t<a href=\"https:\/\/mtn.com.tr\/tr\/28-fakuma-fuari\/\" >\n\t\t\t\t28. Fakuma Fuar\u0131\t\t\t<\/a>\n\t\t<\/h3>\n\t\t\t\t<div class=\"elementor-post__meta-data\">\n\t\t\t\t\t<span class=\"elementor-post-date\">\n\t\t\t11 Ekim 2023\t\t<\/span>\n\t\t\t\t<\/div>\n\t\t\t\t<div class=\"elementor-post__excerpt\">\n\t\t\t<p>28. Fakuma Fuar\u0131 Bu y\u0131l\u00a016-21 Ekim\u00a0tarihleri aras\u0131nda\u00a028. Fakuma Fuar\u0131nda\u00a0Hall A1-1220 nolu standda yerimizi alaca\u011f\u0131z. Plastik enjeksiyon kal\u0131plar\u0131 ve plastik par\u00e7a konusunda sizlerle kulland\u0131\u011f\u0131m\u0131z a\u015fa\u011f\u0131daki teknolojileri<\/p>\n\t\t<\/div>\n\t\t\t\t\t<a class=\"elementor-post__read-more\" href=\"https:\/\/mtn.com.tr\/tr\/28-fakuma-fuari\/\" >\n\t\t\t\tDevam\u0131n\u0131 Oku \u00bb\t\t\t<\/a>\n\t\t\t\t<\/div>\n\t\t\t\t<\/article>\n\t\t\t\t<article class=\"elementor-post elementor-grid-item post-3157 post type-post status-publish format-standard has-post-thumbnail hentry category-mtn-news\">\n\t\t\t\t<a class=\"elementor-post__thumbnail__link\" href=\"https:\/\/mtn.com.tr\/tr\/mtn-ihracat\/\" >\n\t\t\t<div class=\"elementor-post__thumbnail\"><img loading=\"lazy\" decoding=\"async\" width=\"768\" height=\"1024\" src=\"https:\/\/mtn.com.tr\/tr\/wp-content\/uploads\/2023\/03\/WhatsApp-Image-2023-03-20-at-11.39.42-2-768x1024.jpeg\" class=\"attachment-medium_large size-medium_large\" alt=\"\" \/><\/div>\n\t\t<\/a>\n\t\t\t\t<div class=\"elementor-post__text\">\n\t\t\t\t<h3 class=\"elementor-post__title\">\n\t\t\t<a href=\"https:\/\/mtn.com.tr\/tr\/mtn-ihracat\/\" >\n\t\t\t\tMTN \u0130HRACAT\t\t\t<\/a>\n\t\t<\/h3>\n\t\t\t\t<div class=\"elementor-post__meta-data\">\n\t\t\t\t\t<span class=\"elementor-post-date\">\n\t\t\t21 Mart 2023\t\t<\/span>\n\t\t\t\t<\/div>\n\t\t\t\t<div class=\"elementor-post__excerpt\">\n\t\t\t<p>MTN \u0130HRACAT MTN \u0130HRACAT \u00dcretimini tamamlam\u0131\u015f oldu\u011fumuz kal\u0131plar\u0131n yurt d\u0131\u015f\u0131 sevkiyat\u0131n\u0131 ger\u00e7ekle\u015ftirdik.\u00a0\u0130hracat\u0131m\u0131z\u0131n ve \u00fclkemize de\u011fer katan projelerimizin artarak devam etmesini dileriz.<\/p>\n\t\t<\/div>\n\t\t\t\t\t<a class=\"elementor-post__read-more\" href=\"https:\/\/mtn.com.tr\/tr\/mtn-ihracat\/\" >\n\t\t\t\tDevam\u0131n\u0131 Oku \u00bb\t\t\t<\/a>\n\t\t\t\t<\/div>\n\t\t\t\t<\/article>\n\t\t\t\t<article class=\"elementor-post elementor-grid-item post-3143 post type-post status-publish format-standard has-post-thumbnail hentry category-mtn-news\">\n\t\t\t\t<a class=\"elementor-post__thumbnail__link\" href=\"https:\/\/mtn.com.tr\/tr\/8-mart-dunya-kadinlar-gunu-kutlu-olsun\/\" >\n\t\t\t<div class=\"elementor-post__thumbnail\"><img loading=\"lazy\" decoding=\"async\" width=\"768\" height=\"768\" src=\"https:\/\/mtn.com.tr\/tr\/wp-content\/uploads\/2023\/03\/WhatsApp-Image-2023-03-08-at-16.56.06-768x768.jpeg\" class=\"attachment-medium_large size-medium_large\" alt=\"\" \/><\/div>\n\t\t<\/a>\n\t\t\t\t<div class=\"elementor-post__text\">\n\t\t\t\t<h3 class=\"elementor-post__title\">\n\t\t\t<a href=\"https:\/\/mtn.com.tr\/tr\/8-mart-dunya-kadinlar-gunu-kutlu-olsun\/\" >\n\t\t\t\t8 MART D\u00dcNYA KADINLAR G\u00dcN\u00dc KUTLU OLSUN\t\t\t<\/a>\n\t\t<\/h3>\n\t\t\t\t<div class=\"elementor-post__meta-data\">\n\t\t\t\t\t<span class=\"elementor-post-date\">\n\t\t\t8 Mart 2023\t\t<\/span>\n\t\t\t\t<\/div>\n\t\t\t\t<div class=\"elementor-post__excerpt\">\n\t\t\t<p>8 MART D\u00dcNYA KADINLAR G\u00dcN\u00dc KUTLU OLSUN 8 MART D\u00dcNYA KADINLAR G\u00dcN\u00dc KUTLU OLSUN 8 Mart D\u00fcnya Kad\u0131nlar G\u00fcn\u00fc&#8217;nde \u00e7al\u0131\u015fanlar\u0131m\u0131z ile bir araya geldik. T\u00fcm<\/p>\n\t\t<\/div>\n\t\t\t\t\t<a class=\"elementor-post__read-more\" href=\"https:\/\/mtn.com.tr\/tr\/8-mart-dunya-kadinlar-gunu-kutlu-olsun\/\" >\n\t\t\t\tDevam\u0131n\u0131 Oku \u00bb\t\t\t<\/a>\n\t\t\t\t<\/div>\n\t\t\t\t<\/article>\n\t\t\t\t<\/div>\n\n\n\t\t\t\t\t<span class=\"e-load-more-spinner\">\n\t\t\t\t<i aria-hidden=\"true\" class=\"fas fa-spinner\"><\/i>\t\t\t<\/span>\n\t\t\n\t\t\t\t<div class=\"e-load-more-anchor\" data-page=\"1\" data-max-page=\"4\" data-next-page=\"https:\/\/mtn.com.tr\/tr\/wp-json\/wp\/v2\/pages\/1964\/page\/2\/\"><\/div>\n\t\t\t\t<div class=\"elementor-button-wrapper\">\n\t\t\t<a href=\"#\" class=\"elementor-button-link elementor-button\" role=\"button\">\n\t\t\t\t\t\t<span class=\"elementor-button-content-wrapper\">\n\t\t\t\t\t\t<span class=\"elementor-button-text\">Load More<\/span>\n\t\t<\/span>\n\t\t\t\t\t<\/a>\n\t\t<\/div>\n\t\t\t\t<div class=\"e-load-more-message\">No more posts to show<\/div>\n\t\t\t\t<\/div>\n\t\t\t\t<\/div>\n\t\t\t\t\t<\/div>\n\t\t<\/div>\n\t\t\t\t\t\t\t<\/div>\n\t\t<\/section>\n\t\t\t\t\t\t<\/div>\n\t\t\t\t\t<\/div>\n\t\t","protected":false},"excerpt":{"rendered":"<p>HABERLER HABERLER<\/p>\n","protected":false},"author":1,"featured_media":0,"parent":0,"menu_order":0,"comment_status":"closed","ping_status":"closed","template":"","meta":{"footnotes":""},"class_list":["post-1964","page","type-page","status-publish","hentry"],"_links":{"self":[{"href":"https:\/\/mtn.com.tr\/tr\/wp-json\/wp\/v2\/pages\/1964","targetHints":{"allow":["GET"]}}],"collection":[{"href":"https:\/\/mtn.com.tr\/tr\/wp-json\/wp\/v2\/pages"}],"about":[{"href":"https:\/\/mtn.com.tr\/tr\/wp-json\/wp\/v2\/types\/page"}],"author":[{"embeddable":true,"href":"https:\/\/mtn.com.tr\/tr\/wp-json\/wp\/v2\/users\/1"}],"replies":[{"embeddable":true,"href":"https:\/\/mtn.com.tr\/tr\/wp-json\/wp\/v2\/comments?post=1964"}],"version-history":[{"count":28,"href":"https:\/\/mtn.com.tr\/tr\/wp-json\/wp\/v2\/pages\/1964\/revisions"}],"predecessor-version":[{"id":3076,"href":"https:\/\/mtn.com.tr\/tr\/wp-json\/wp\/v2\/pages\/1964\/revisions\/3076"}],"wp:attachment":[{"href":"https:\/\/mtn.com.tr\/tr\/wp-json\/wp\/v2\/media?parent=1964"}],"curies":[{"name":"wp","href":"https:\/\/api.w.org\/{rel}","templated":true}]}}